{"id":8237,"date":"2019-10-21T07:42:41","date_gmt":"2019-10-21T06:42:41","guid":{"rendered":"https:\/\/icg.mk\/per-ne\/"},"modified":"2024-04-27T16:50:41","modified_gmt":"2024-04-27T15:50:41","slug":"about-us","status":"publish","type":"page","link":"https:\/\/icg.mk\/sq\/about-us\/","title":{"rendered":"P\u00ebr ne"},"content":{"rendered":"<div class=\"wpb-content-wrapper\"><p>[vc_row][vc_column][vc_column_text]<\/p>\n<h2><strong>P\u00cbR NE<\/strong><\/h2>\n<p>Firma Inter Connection Group themeluar n\u00eb vitin 2009 si nj\u00eb kompani familjare e p\u00ebrgjegjshme shoq\u00ebrore me potencial t\u00eb madh p\u00ebr zhvillimin e tregut makedonas, ballkanik dhe nd\u00ebrkomb\u00ebtar. Duke njohur cil\u00ebsin\u00eb e themeluesve dhe t\u00eb pun\u00ebmarr\u00ebsve (intelektual, ambicioz, profesional), kemi p\u00ebrfituar nj\u00eb mb\u00ebshtetje t\u00eb madhe dhe t\u00eb r\u00ebnd\u00ebsishme, si nga partner\u00ebt biznesit ashtu edhe nga bler\u00ebsit tan\u00eb, te t\u00eb cil\u00ebt, nga vendosja e produkteve t\u00eb para q\u00eb ishin me karakter importi, vazhduam me brendet tona t\u00eb veta q\u00eb jan\u00eb nd\u00ebrtuar ngadal\u00eb dhe sigurt, por me nj\u00eb cil\u00ebsi t\u00eb madhe dhe konstante t\u00eb afirmuar n\u00eb tregun makedonas, nga prodhuesit standard, t\u00eb njohur, t\u00eb besuesh\u00ebm, dhe t\u00eb certifikuar t\u00eb l\u00ebnd\u00ebve t\u00eb para natyrore dhe organike. Pas 14 vitesh t\u00eb pun\u00ebs s\u00eb palodhshme, themeluesit dhe menaxhmenti mbeten t\u00eb nj\u00ebjt\u00eb, me nj\u00eb avancim t\u00eb madh dhe serioz profesional n\u00eb sektorin e tyre n\u00eb fush\u00ebn e farmacis\u00eb, mjek\u00ebsis\u00eb, teknologjis\u00eb, ekonomis\u00eb, strategjis\u00eb s\u00eb marketingut si dhe dizajnit grafik.<\/p>\n<p>Ne jemi krenar\u00eb p\u00ebr produktet tona t\u00eb cilat shquhen p\u00ebr dizajnin e tyre t\u00eb bukur, urban, modern dhe nd\u00ebrkomb\u00ebtar, i cili me form\u00ebn e tij t\u00ebrheq v\u00ebmendjen, nd\u00ebrsa pas dizajnit dhe cil\u00ebsis\u00eb q\u00ebndron puna e palodhur dhe e vjet\u00ebr e ekipit ton\u00eb t\u00eb profesionist\u00ebve (farmacist\u00eb, mjek\u00eb, teknolog\u00eb, profesionist\u00eb t\u00eb marketingut, dizajnues grafik\u00eb), n\u00ebn drejtimin e Specialistit t\u00eb Teknologjis\u00eb Farmaceutike, Maria Nikoloska, si Drejtor dhe profesionist t\u00eb p\u00ebrkushtuar n\u00eb fush\u00ebn e saj.<\/p>\n<p>Interesi p\u00ebr produktet \u00ebsht\u00eb n\u00eb rritje q\u00eb nga prodhimi fillestar dhe vazhdon deri m\u00eb sot, nd\u00ebrsa sfidat e m\u00ebdha nd\u00ebrkomb\u00ebtare nuk kan\u00eb influencuar k\u00ebt\u00eb interes. Cil\u00ebsia e konsistent\u00eb dhe mb\u00ebshtetja, marr\u00ebdh\u00ebnja e sinqert\u00eb me konsumator\u00ebt dhe partner\u00ebt biznesit tan\u00eb, disponueshm\u00ebria p\u00ebr k\u00ebshilla nga profesionist\u00ebt p\u00ebr produktet tona si dhe p\u00ebr \u00e7do gjendje tjet\u00ebr sh\u00ebndet\u00ebsore, kontribuojn\u00eb shtes\u00ebsisht n\u00eb besnik\u00ebrin\u00eb e gjat\u00eb t\u00eb bler\u00ebsve tan\u00eb t\u00eb t\u00eb gjitha moshave.<\/p>\n<p>Ne vazhdimisht ndjekim zhvillimet e reja dhe angazhohemi q\u00eb produktet tona t\u00eb jen\u00eb t\u00eb pranishme jo vet\u00ebm n\u00eb vendin ton\u00eb dhe vende t\u00eb tjera t\u00eb af\u00ebrta, por edhe n\u00eb tregjet e tjera, pasi kan\u00eb nj\u00eb cil\u00ebsi t\u00eb madhe q\u00eb ne kemi arritur t\u00eb realizojm\u00eb dhe q\u00eb meriton nj\u00eb reputacion nd\u00ebrkomb\u00ebtar.[\/vc_column_text][\/vc_column][\/vc_row]<\/p>\n<\/div>","protected":false},"excerpt":{"rendered":"<p>[vc_row][vc_column][vc_column_text] P\u00cbR NE Firma Inter Connection Group themeluar n\u00eb vitin 2009 si nj\u00eb kompani familjare e p\u00ebrgjegjshme shoq\u00ebrore me potencial t\u00eb madh p\u00ebr zhvillimin e tregut makedonas, ballkanik dhe nd\u00ebrkomb\u00ebtar. Duke njohur cil\u00ebsin\u00eb e themeluesve dhe t\u00eb pun\u00ebmarr\u00ebsve (intelektual, ambicioz, profesional), kemi p\u00ebrfituar nj\u00eb mb\u00ebshtetje t\u00eb madhe dhe t\u00eb r\u00ebnd\u00ebsishme, si nga partner\u00ebt biznesit ashtu [&hellip;]<\/p>\n","protected":false},"author":1,"featured_media":0,"parent":0,"menu_order":0,"comment_status":"closed","ping_status":"closed","template":"","meta":{"footnotes":""},"class_list":["post-8237","page","type-page","status-publish","hentry"],"_links":{"self":[{"href":"https:\/\/icg.mk\/sq\/wp-json\/wp\/v2\/pages\/8237","targetHints":{"allow":["GET"]}}],"collection":[{"href":"https:\/\/icg.mk\/sq\/wp-json\/wp\/v2\/pages"}],"about":[{"href":"https:\/\/icg.mk\/sq\/wp-json\/wp\/v2\/types\/page"}],"author":[{"embeddable":true,"href":"https:\/\/icg.mk\/sq\/wp-json\/wp\/v2\/users\/1"}],"replies":[{"embeddable":true,"href":"https:\/\/icg.mk\/sq\/wp-json\/wp\/v2\/comments?post=8237"}],"version-history":[{"count":0,"href":"https:\/\/icg.mk\/sq\/wp-json\/wp\/v2\/pages\/8237\/revisions"}],"wp:attachment":[{"href":"https:\/\/icg.mk\/sq\/wp-json\/wp\/v2\/media?parent=8237"}],"curies":[{"name":"wp","href":"https:\/\/api.w.org\/{rel}","templated":true}]}}