{"id":8240,"date":"2019-10-21T07:26:07","date_gmt":"2019-10-21T06:26:07","guid":{"rendered":"https:\/\/icg.mk\/kontaktoni-ne\/"},"modified":"2024-04-27T16:48:19","modified_gmt":"2024-04-27T15:48:19","slug":"contact-us","status":"publish","type":"page","link":"https:\/\/icg.mk\/sq\/contact-us\/","title":{"rendered":"Kontaktoni ne"},"content":{"rendered":"<div class=\"wpb-content-wrapper\"><p>[vc_row fullwidth=&#8221;1&#8243; el_class=&#8221;margin-bottom-50&#8243; el_id=&#8221;contact_map&#8221;][vc_column][vc_gmaps link=&#8221;#E-8_JTNDaWZyYW1lJTIwc3JjJTNEJTIyaHR0cHMlM0ElMkYlMkZ3d3cuZ29vZ2xlLmNvbSUyRm1hcHMlMkZlbWJlZCUzRnBiJTNEJTIxMW0xOCUyMTFtMTIlMjExbTMlMjExZDU5MjcuNDI1OTUzNDkyNzg5JTIxMmQyMS4zNzEzNTMxODQ5OTMwMiUyMTNkNDIuMDI3ODg5MzcwNDk1NyUyMTJtMyUyMTFmMCUyMTJmMCUyMTNmMCUyMTNtMiUyMTFpMTAyNCUyMTJpNzY4JTIxNGYxMy4xJTIxM20zJTIxMW0yJTIxMXMweDEzNTQxNDgyN2Q5NWQ4YjclMjUzQTB4MTc4NjllZGYyNzIxMWE1ZCUyMTJzQmFyZG92dHNpJTIxNWUwJTIxM20yJTIxMXNlbiUyMTJzbWslMjE0djE2NTc3NDA4MDg4ODclMjE1bTIlMjExc2VuJTIxMnNtayUyMiUyMHdpZHRoJTNEJTIyNjAwJTIyJTIwaGVpZ2h0JTNEJTIyNDUwJTIyJTIwZnJhbWVib3JkZXIlM0QlMjIwJTIyJTIwc3R5bGUlM0QlMjJib3JkZXIlM0EwJTNCJTIyJTIwYWxsb3dmdWxsc2NyZWVuJTNEJTIyJTIyJTNFJTNDJTJGaWZyYW1lJTNF&#8221; css_animation=&#8221;none&#8221;][\/vc_column][\/vc_row][vc_row el_class=&#8221;margin-top-50&#8243;][vc_column width=&#8221;2\/3&#8243; el_class=&#8221;padding-right-30 padding-side-mobile-0&#8243;][vc_column_text]<\/p>\n<h4><span class=\"VIiyi\" lang=\"mk\"><span class=\"JLqJ4b ChMk0b\" data-language-for-alternatives=\"mk\" data-language-to-translate-into=\"en\" data-phrase-index=\"0\" data-number-of-phrases=\"4\"><span class=\"Q4iAWc\">N\u00ebse keni ndonj\u00eb pyetje, ju lutemi t\u00eb na kontaktoni.<\/span><\/span><br \/>\n<span class=\"JLqJ4b ChMk0b\" data-language-for-alternatives=\"mk\" data-language-to-translate-into=\"en\" data-phrase-index=\"2\" data-number-of-phrases=\"4\"><span class=\"Q4iAWc\">Do t\u00eb p\u00ebrgjigjemi sa m\u00eb shpejt t\u00eb jet\u00eb e mundur.<\/span><\/span> <span class=\"JLqJ4b ChMk0b\" data-language-for-alternatives=\"mk\" data-language-to-translate-into=\"en\" data-phrase-index=\"3\" data-number-of-phrases=\"4\"><span class=\"Q4iAWc\">Faleminderit!<\/span><\/span><\/span><\/h4>\n<p>[\/vc_column_text][vc_row_inner el_class=&#8221;margin-top-50 mobile-margin-top-30&#8243;][vc_column_inner]<div role=\"form\" class=\"wpcf7\" id=\"wpcf7-f8352-o1\" lang=\"sq-AL\" dir=\"ltr\">\n<div class=\"screen-reader-response\"><p role=\"status\" aria-live=\"polite\" aria-atomic=\"true\"><\/p> <ul><\/ul><\/div>\n<form action=\"\/sq\/wp-json\/wp\/v2\/pages\/8240#wpcf7-f8352-o1\" method=\"post\" class=\"wpcf7-form init\" novalidate=\"novalidate\" data-status=\"init\">\n<div style=\"display: none;\">\n<input type=\"hidden\" name=\"_wpcf7\" value=\"8352\" \/>\n<input type=\"hidden\" name=\"_wpcf7_version\" value=\"6.6.4\" \/>\n<input type=\"hidden\" name=\"_wpcf7_locale\" value=\"sq_AL\" \/>\n<input type=\"hidden\" name=\"_wpcf7_unit_tag\" value=\"wpcf7-f8352-o1\" \/>\n<input type=\"hidden\" name=\"_wpcf7_container_post\" value=\"0\" \/>\n<input type=\"hidden\" name=\"_wpcf7_posted_data_hash\" value=\"\" \/>\n<input type=\"hidden\" name=\"_wpcf7_recaptcha_response\" value=\"\" \/>\n<\/div>\n<div class=\"nasa-fullwidth\">\n    <label> * Emri juaj <span class=\"wpcf7-form-control-wrap\" data-name=\"your-name\"><input type=\"text\" name=\"your-name\" value=\"\" size=\"40\" class=\"wpcf7-form-control wpcf7-text wpcf7-validates-as-required\" aria-required=\"true\" aria-invalid=\"false\" \/><\/span> <\/label>\n<\/div>\n<div class=\"row nasa-hafl-width\">\n<div class=\"large-6 columns\">\n        <label> * Telefoni <span class=\"wpcf7-form-control-wrap\" data-name=\"your-phone\"><input type=\"text\" name=\"your-phone\" value=\"\" size=\"40\" class=\"wpcf7-form-control wpcf7-text wpcf7-validates-as-required\" aria-required=\"true\" aria-invalid=\"false\" \/><\/span> <\/label>\n    <\/div>\n<div class=\"large-6 columns\">\n        <label> * Email <span class=\"wpcf7-form-control-wrap\" data-name=\"your-email\"><input type=\"email\" name=\"your-email\" value=\"\" size=\"40\" class=\"wpcf7-form-control wpcf7-text wpcf7-email wpcf7-validates-as-required wpcf7-validates-as-email\" aria-required=\"true\" aria-invalid=\"false\" \/><\/span> <\/label>\n    <\/div>\n<\/div>\n<div class=\"nasa-fullwidth\">\n    <label> * Mesazh <span class=\"wpcf7-form-control-wrap\" data-name=\"your-message\"><textarea name=\"your-message\" cols=\"40\" rows=\"10\" class=\"wpcf7-form-control wpcf7-textarea wpcf7-validates-as-required\" aria-required=\"true\" aria-invalid=\"false\"><\/textarea><\/span> <\/label>\n<\/div>\n<div class=\"nasa-submit-wrap\"><input type=\"submit\" value=\"\u0418\u0441\u043f\u0440\u0430\u0442\u0438\" class=\"wpcf7-form-control has-spinner wpcf7-submit\" \/><\/div>\n<p>\n    <small><br \/>\n This site is protected by reCAPTCHA and the Google <a href=\"https:\/\/policies.google.com\/privacy\" target=\"_blank\">Privacy Policy<\/a> and <a href=\"https:\/\/policies.google.com\/terms\" target=\"_blank\">Terms of Service<\/a> apply.<br \/>\n    <\/small><\/p>\n<input type='hidden' class='wpcf7-pum' value='{\"closepopup\":false,\"closedelay\":0,\"openpopup\":false,\"openpopup_id\":0}' \/><div class=\"wpcf7-response-output\" aria-hidden=\"true\"><\/div><\/form><\/div>[\/vc_column_inner][\/vc_row_inner][\/vc_column][vc_column width=&#8221;1\/3&#8243; el_class=&#8221;mobile-margin-top-30&#8243;][vc_column_text]<\/p>\n<table class=\"margin-top-30\" style=\"font-size: 15px; font-weight: 600;\">\n<tbody>\n<tr>\n<td>E h\u00ebn\u00eb:<\/td>\n<td class=\"text-right\" style=\"text-align: right;\"><span class=\"nasa-time-open\">08:00 &#8211; 16:00<\/span><\/td>\n<\/tr>\n<tr>\n<td>E mart\u00eb:<\/td>\n<td class=\"text-right\" style=\"text-align: right;\"><span class=\"nasa-time-open\">08:00 &#8211; 16:00<\/span><\/td>\n<\/tr>\n<tr>\n<td>E m\u00ebrkur\u00eb:<\/td>\n<td class=\"text-right\" style=\"text-align: right;\"><span class=\"nasa-time-open\">08:00 &#8211; 16:00<\/span><\/td>\n<\/tr>\n<tr>\n<td>E enjte:<\/td>\n<td class=\"text-right\" style=\"text-align: right;\"><span class=\"nasa-time-open\">08:00 &#8211; 16:00<\/span><\/td>\n<\/tr>\n<tr>\n<td>E premte:<\/td>\n<td class=\"text-right\" style=\"text-align: right;\"><span class=\"nasa-time-open\">08:00 &#8211; 16:00<\/span><\/td>\n<\/tr>\n<tr>\n<td>E shtun\u00eb:<\/td>\n<td class=\"text-right\" style=\"text-align: right;\"><span class=\"nasa-time-open\">&#8211; DIT\u00cb PA PUN\u00cb &#8211;<\/span><\/td>\n<\/tr>\n<tr>\n<td>E diel:<\/td>\n<td class=\"text-right\" style=\"text-align: right;\">&#8211; DIT\u00cb PA PUN\u00cb &#8211;<\/td>\n<\/tr>\n<\/tbody>\n<\/table>\n<p>[\/vc_column_text][vc_column_text el_class=&#8221;margin-top-50 mobile-margin-top-20&#8243;]<\/p>\n<h5 style=\"font-weight: 900;\">KARJER\u00cb<\/h5>\n<p style=\"font-size: 15px; font-weight: 600;\">N\u00ebse jeni t\u00eb interesuar p\u00ebr mund\u00ebsit\u00eb e pun\u00ebsimit n\u00eb kompanin\u00eb ton\u00eb, ju lutemi d\u00ebrgoni nj\u00eb email n\u00eb info@icg.mk<\/p>\n<p>[\/vc_column_text][\/vc_column][\/vc_row]<\/p>\n<\/div>","protected":false},"excerpt":{"rendered":"<p>[vc_row fullwidth=&#8221;1&#8243; el_class=&#8221;margin-bottom-50&#8243; el_id=&#8221;contact_map&#8221;][vc_column][vc_gmaps link=&#8221;#E-8_JTNDaWZyYW1lJTIwc3JjJTNEJTIyaHR0cHMlM0ElMkYlMkZ3d3cuZ29vZ2xlLmNvbSUyRm1hcHMlMkZlbWJlZCUzRnBiJTNEJTIxMW0xOCUyMTFtMTIlMjExbTMlMjExZDU5MjcuNDI1OTUzNDkyNzg5JTIxMmQyMS4zNzEzNTMxODQ5OTMwMiUyMTNkNDIuMDI3ODg5MzcwNDk1NyUyMTJtMyUyMTFmMCUyMTJmMCUyMTNmMCUyMTNtMiUyMTFpMTAyNCUyMTJpNzY4JTIxNGYxMy4xJTIxM20zJTIxMW0yJTIxMXMweDEzNTQxNDgyN2Q5NWQ4YjclMjUzQTB4MTc4NjllZGYyNzIxMWE1ZCUyMTJzQmFyZG92dHNpJTIxNWUwJTIxM20yJTIxMXNlbiUyMTJzbWslMjE0djE2NTc3NDA4MDg4ODclMjE1bTIlMjExc2VuJTIxMnNtayUyMiUyMHdpZHRoJTNEJTIyNjAwJTIyJTIwaGVpZ2h0JTNEJTIyNDUwJTIyJTIwZnJhbWVib3JkZXIlM0QlMjIwJTIyJTIwc3R5bGUlM0QlMjJib3JkZXIlM0EwJTNCJTIyJTIwYWxsb3dmdWxsc2NyZWVuJTNEJTIyJTIyJTNFJTNDJTJGaWZyYW1lJTNF&#8221; css_animation=&#8221;none&#8221;][\/vc_column][\/vc_row][vc_row el_class=&#8221;margin-top-50&#8243;][vc_column width=&#8221;2\/3&#8243; el_class=&#8221;padding-right-30 padding-side-mobile-0&#8243;][vc_column_text] N\u00ebse keni ndonj\u00eb pyetje, ju lutemi t\u00eb na kontaktoni. Do t\u00eb p\u00ebrgjigjemi sa m\u00eb shpejt t\u00eb jet\u00eb e mundur. Faleminderit! [\/vc_column_text][vc_row_inner el_class=&#8221;margin-top-50 mobile-margin-top-30&#8243;][vc_column_inner][\/vc_column_inner][\/vc_row_inner][\/vc_column][vc_column width=&#8221;1\/3&#8243; el_class=&#8221;mobile-margin-top-30&#8243;][vc_column_text] E h\u00ebn\u00eb: 08:00 &#8211; 16:00 E mart\u00eb: 08:00 &#8211; 16:00 E m\u00ebrkur\u00eb: 08:00 &#8211; 16:00 E enjte: 08:00 &#8211; 16:00 [&hellip;]<\/p>\n","protected":false},"author":1,"featured_media":0,"parent":0,"menu_order":0,"comment_status":"closed","ping_status":"closed","template":"","meta":{"footnotes":""},"class_list":["post-8240","page","type-page","status-publish","hentry"],"_links":{"self":[{"href":"https:\/\/icg.mk\/sq\/wp-json\/wp\/v2\/pages\/8240","targetHints":{"allow":["GET"]}}],"collection":[{"href":"https:\/\/icg.mk\/sq\/wp-json\/wp\/v2\/pages"}],"about":[{"href":"https:\/\/icg.mk\/sq\/wp-json\/wp\/v2\/types\/page"}],"author":[{"embeddable":true,"href":"https:\/\/icg.mk\/sq\/wp-json\/wp\/v2\/users\/1"}],"replies":[{"embeddable":true,"href":"https:\/\/icg.mk\/sq\/wp-json\/wp\/v2\/comments?post=8240"}],"version-history":[{"count":0,"href":"https:\/\/icg.mk\/sq\/wp-json\/wp\/v2\/pages\/8240\/revisions"}],"wp:attachment":[{"href":"https:\/\/icg.mk\/sq\/wp-json\/wp\/v2\/media?parent=8240"}],"curies":[{"name":"wp","href":"https:\/\/api.w.org\/{rel}","templated":true}]}}