{"id":8241,"date":"2022-07-17T19:59:24","date_gmt":"2022-07-17T18:59:24","guid":{"rendered":"https:\/\/icg.mk\/cookies\/"},"modified":"2024-04-27T16:47:42","modified_gmt":"2024-04-27T15:47:42","slug":"cookie-policy","status":"publish","type":"page","link":"https:\/\/icg.mk\/sq\/cookie-policy\/","title":{"rendered":"Cookies"},"content":{"rendered":"<div class=\"wpb-content-wrapper\"><p>[vc_row][vc_column][vc_column_text]<\/p>\n<h3><\/h3>\n<h3>Politika e Cookies<\/h3>\n<div>Kjo politik\u00eb e cookies shpjegon \u00e7far\u00eb jan\u00eb cookies dhe si i p\u00ebrdorim ato, llojet e cookies q\u00eb p\u00ebrdorim, pra informacionin q\u00eb marrim duke p\u00ebrdorur cookies, dhe si p\u00ebrdoret ky informacion, si dhe si t\u00eb kontrolloni rregullimet e cookies tuaja. P\u00ebr m\u00eb shum\u00eb informacion mbi m\u00ebnyr\u00ebn si p\u00ebrdorim, ruajm\u00eb dhe mbajm\u00eb t\u00eb sigurta t\u00eb dh\u00ebnat personale tuaja, ju lutemi shihni Politik\u00ebn ton\u00eb t\u00eb Privat\u00ebsis\u00eb. Mund t\u00eb ndryshoni ose t\u00eb t\u00ebrhiqni miratimin tuaj nga Deklarata e Cookies n\u00eb faqen ton\u00eb t\u00eb internetit n\u00eb \u00e7do koh\u00eb. M\u00ebsoni m\u00eb shum\u00eb rreth kush jemi, si mund t\u00eb na kontaktoni, dhe si procesojm\u00eb t\u00eb dh\u00ebnat personale n\u00eb Politik\u00ebn ton\u00eb t\u00eb Privat\u00ebsis\u00eb. Miratimi juaj zbatohet p\u00ebr domain-et vijuese: icg.mk<\/div>\n<h3>\u00c7far\u00eb jan\u00eb cookies?<\/h3>\n<div>Cookies jan\u00eb skedar\u00eb t\u00eb vegj\u00ebl teksti q\u00eb p\u00ebrdoren p\u00ebr t\u00eb ruajtur pjese t\u00eb vogla t\u00eb informacionit. Ata ruhen n\u00eb pajisjen tuaj kur faqja interneti ngarkohet n\u00eb shfletuesin tuaj. K\u00ebto cookies na ndihmojn\u00eb t\u00eb b\u00ebjm\u00eb q\u00eb faqja interneti t\u00eb funksionoj\u00eb n\u00eb m\u00ebnyr\u00eb t\u00eb duhur, ta b\u00ebjm\u00eb m\u00eb t\u00eb sigurt, t\u00eb ofrojm\u00eb nj\u00eb p\u00ebrvoj\u00eb m\u00eb t\u00eb mir\u00eb p\u00ebr p\u00ebrdoruesin, dhe t\u00eb kuptojm\u00eb se si performon faqja interneti dhe t\u00eb analizojm\u00eb \u00e7far\u00eb punon dhe ku ka nevoj\u00eb p\u00ebr p\u00ebrmir\u00ebsime.<\/div>\n<h3>Si i p\u00ebrdorim cookies?<\/h3>\n<div>Si shumica e sh\u00ebrbimeve n\u00eb internet, faqja jon\u00eb p\u00ebrdor cookies t\u00eb pal\u00ebs s\u00eb par\u00eb dhe t\u00eb treta p\u00ebr disa q\u00ebllime. Cookies t\u00eb pal\u00ebs s\u00eb par\u00eb jan\u00eb kryesisht t\u00eb nevojshme q\u00eb faqja t\u00eb funksionoj\u00eb n\u00eb m\u00ebnyr\u00ebn e duhur dhe nuk marrin asnj\u00eb nga t\u00eb dh\u00ebnat tuaja personale identifikuese. Cookies t\u00eb treta t\u00eb p\u00ebrdorura n\u00eb faqen ton\u00eb jan\u00eb kryesisht p\u00ebr t\u00eb kuptuar se si funksionon faqja, se si nd\u00ebrveprojm\u00eb me faqen ton\u00eb, p\u00ebr t\u00eb mbajtur sh\u00ebrbimet tona t\u00eb sigurta, p\u00ebr t\u00eb ofruar reklama q\u00eb jan\u00eb relevante p\u00ebr ju dhe n\u00eb p\u00ebrgjith\u00ebsi, p\u00ebr t\u00eb ofruar nj\u00eb p\u00ebrvoj\u00eb m\u00eb t\u00eb mir\u00eb p\u00ebr p\u00ebrdoruesin dhe p\u00ebr t\u00eb ndihmuar n\u00eb shpejt\u00ebsimin e nd\u00ebrveprimeve t\u00eb ardhshme me faqen ton\u00eb t\u00eb internetit.<\/div>\n<h3>Llojet e cookies q\u00eb p\u00ebrdorim?<\/h3>\n<div>Esenciale: Disa cookies jan\u00eb t\u00eb domosdosh\u00ebm q\u00eb ju t\u00eb keni mund\u00ebsin\u00eb t\u00eb p\u00ebrjetoni funksionalitetin e plot\u00eb t\u00eb faqes son\u00eb. Ata na lejojn\u00eb t\u00eb mbajm\u00eb sesionet e p\u00ebrdoruesit dhe t\u00eb parandalojm\u00eb \u00e7do rrezik sigurie. Ata nuk marrin ose ruajn\u00eb ndonj\u00eb informacion personal. P\u00ebr shembull, k\u00ebto cookies ju lejojn\u00eb t\u00eb identifikoheni n\u00eb llogarin\u00eb tuaj dhe t\u00eb shtoni produkte n\u00eb shport\u00ebn tuaj dhe t\u00eb b\u00ebni pages\u00ebn n\u00eb m\u00ebnyr\u00eb t\u00eb sigurt\u00eb. Funksionale: K\u00ebto jan\u00eb cookies q\u00eb ndihmojn\u00eb disa funksionalitete jo t\u00eb domosdoshme n\u00eb faqen ton\u00eb. K\u00ebto funksionalitete p\u00ebrfshijn\u00eb ngulmimin e p\u00ebrmbajtjes si video ose ndarjen e p\u00ebrmbajtjes n\u00eb faqen e internetit n\u00eb platformat e mediave sociale. Preferencat: K\u00ebto cookies na ndihmojn\u00eb t\u00eb ruajm\u00eb rregullimet dhe preferencat e shfletimit tuaj, si\u00e7 jan\u00eb preferencat e gjuh\u00ebs, n\u00eb m\u00ebnyr\u00eb q\u00eb t\u00eb keni nj\u00eb p\u00ebrvoj\u00eb m\u00eb t\u00eb mir\u00eb dhe efikase n\u00eb vizitat e ardhshme n\u00eb faqen e internetit.<\/div>\n<h3>Si mund t\u00eb kontrolloj preferencat e cookies?<\/h3>\n<div>N\u00ebse vendosni t\u00eb ndryshoni preferencat tuaja m\u00eb von\u00eb gjat\u00eb sesionit tuaj t\u00eb shfletimit, mund t\u00eb klikoni n\u00eb sked\u00ebn &#8220;Politika e Privat\u00ebsis\u00eb &amp; Cookies&#8221; n\u00eb ekranin tuaj. Kjo do t\u00eb shfaq\u00eb p\u00ebrs\u00ebri njoftimin e miratimit, duke ju mund\u00ebsuar t\u00eb ndryshoni rregullimet tuaja ose t\u00eb t\u00ebrhiqni miratimin tuaj plot\u00ebsisht. Gjithashtu, shfletuesit e ndrysh\u00ebm ofrojn\u00eb metoda t\u00eb ndryshme p\u00ebr t\u00eb bllokuar dhe fshir\u00eb cookies t\u00eb p\u00ebrdorura nga faqet e internetit. Mund t\u00eb ndryshoni rregullimet e shfletuesit tuaj p\u00ebr t\u00eb bllokuar\/fshir\u00eb cookies. P\u00ebr t\u00eb m\u00ebsuar m\u00eb shum\u00eb rreth m\u00ebnyrave p\u00ebr t\u00eb menaxhuar dhe fshir\u00eb cookies, vizitoni www.wikipedia.org dhe\/ose www.allaboutcookies.org.<\/div>\n<p>[\/vc_column_text][\/vc_column][\/vc_row]<\/p>\n<\/div>","protected":false},"excerpt":{"rendered":"<p>[vc_row][vc_column][vc_column_text] Politika e Cookies Kjo politik\u00eb e cookies shpjegon \u00e7far\u00eb jan\u00eb cookies dhe si i p\u00ebrdorim ato, llojet e cookies q\u00eb p\u00ebrdorim, pra informacionin q\u00eb marrim duke p\u00ebrdorur cookies, dhe si p\u00ebrdoret ky informacion, si dhe si t\u00eb kontrolloni rregullimet e cookies tuaja. P\u00ebr m\u00eb shum\u00eb informacion mbi m\u00ebnyr\u00ebn si p\u00ebrdorim, ruajm\u00eb dhe mbajm\u00eb t\u00eb [&hellip;]<\/p>\n","protected":false},"author":1,"featured_media":0,"parent":0,"menu_order":0,"comment_status":"closed","ping_status":"closed","template":"","meta":{"footnotes":""},"class_list":["post-8241","page","type-page","status-publish","hentry"],"_links":{"self":[{"href":"https:\/\/icg.mk\/sq\/wp-json\/wp\/v2\/pages\/8241","targetHints":{"allow":["GET"]}}],"collection":[{"href":"https:\/\/icg.mk\/sq\/wp-json\/wp\/v2\/pages"}],"about":[{"href":"https:\/\/icg.mk\/sq\/wp-json\/wp\/v2\/types\/page"}],"author":[{"embeddable":true,"href":"https:\/\/icg.mk\/sq\/wp-json\/wp\/v2\/users\/1"}],"replies":[{"embeddable":true,"href":"https:\/\/icg.mk\/sq\/wp-json\/wp\/v2\/comments?post=8241"}],"version-history":[{"count":0,"href":"https:\/\/icg.mk\/sq\/wp-json\/wp\/v2\/pages\/8241\/revisions"}],"wp:attachment":[{"href":"https:\/\/icg.mk\/sq\/wp-json\/wp\/v2\/media?parent=8241"}],"curies":[{"name":"wp","href":"https:\/\/api.w.org\/{rel}","templated":true}]}}