{"id":8243,"date":"2022-11-22T16:39:08","date_gmt":"2022-11-22T15:39:08","guid":{"rendered":"https:\/\/icg.mk\/politika-e-kthimit-te-produktit\/"},"modified":"2024-04-27T16:49:17","modified_gmt":"2024-04-27T15:49:17","slug":"refund-policy","status":"publish","type":"page","link":"https:\/\/icg.mk\/sq\/refund-policy\/","title":{"rendered":"Politika e Kthimit t\u00eb Produktit"},"content":{"rendered":"<div class=\"wpb-content-wrapper\"><p>[vc_row][vc_column][vc_column_text]<\/p>\n<h3><\/h3>\n<h3>Politika e Kthimit t\u00eb Produktit<\/h3>\n<p>Ka 2 (dy) mund\u00ebsi p\u00ebr kthimin e produktit:<\/p>\n<ol>\n<li><b>N\u00ebse produkti \u00ebsht\u00eb procesuar gabim<\/b> (merrni nj\u00eb produkt tjet\u00ebr nga ai q\u00eb keni porositur)<\/li>\n<\/ol>\n<p><b>INTER CONNECTION GROUP &#8211; VENUS LLC<\/b> mban p\u00ebrgjegj\u00ebsi t\u00eb plot\u00eb p\u00ebr kthimin e produktit, vet\u00ebm n\u00ebse \u00ebsht\u00eb procesuar gabimisht nga ne.<br \/>\nProcesimi i gabuar p\u00ebrfshin: marrjen e produktit t\u00eb gabuar.<br \/>\nN\u00eb k\u00ebt\u00eb rast, ju duhet t\u00eb na kontaktoni n\u00eb numrin e telefonit t\u00eb kontaktit (+389)71-359-770 ose t\u00eb d\u00ebrgoni produktin n\u00eb adres\u00ebn ton\u00eb:<br \/>\n<b>rr.1687 66, 1000 Shkup, Republika e Maqedonis\u00eb.<\/b><\/p>\n<p>Produkti NUK DUHET t\u00eb hiqet nga paketimi origjinal dhe duhet t\u00eb p\u00ebrfshij\u00eb fatur\u00ebn q\u00eb ju d\u00ebrguam me t\u00eb. Kostot e lidhura me kthimin do t\u00eb mbulohen nga ne.<\/p>\n<p>N\u00ebse nuk jemi n\u00eb gjendje t\u00eb z\u00ebvend\u00ebsojm\u00eb produktin, p\u00ebrdoruesit do t&#8217;u ofrohet nj\u00eb rimbursim i shum\u00ebs paguar. Rimbursimi do t\u00eb procesohet n\u00eb nj\u00eb llogari transaksioni n\u00eb emrin tuaj n\u00eb \u00e7do bank\u00eb q\u00eb operon n\u00eb territorin e Republik\u00ebs s\u00eb Maqedonis\u00eb s\u00eb Veriut.<\/p>\n<ol start=\"2\">\n<li><b>N\u00ebse produkti \u00ebsht\u00eb i d\u00ebmtuar<\/b><\/li>\n<\/ol>\n<p>Kur merrni produktin, \u00ebsht\u00eb e detyrueshme ta kontrolloni at\u00eb. Produktet d\u00ebrgohen nga <b>INTER CONNECTION GROUP &#8211; VENUS LLC<\/b> n\u00eb gjendje t\u00eb pad\u00ebmtuar, dhe ne nuk jemi p\u00ebrgjegj\u00ebs p\u00ebr d\u00ebmtimet q\u00eb ndodhin pas marrjes s\u00eb produktit. N\u00ebse produkti ka d\u00ebmtime fabrike, ka nj\u00eb mund\u00ebsi p\u00ebr t\u00eb z\u00ebvend\u00ebsuar produktin, n\u00ebse ai \u00ebsht\u00eb ende n\u00eb stok. P\u00ebrdoruesi ka t\u00eb drejt\u00ebn t\u00eb p\u00ebrdor\u00eb k\u00ebto mund\u00ebsi brenda 15 dit\u00ebve nga marrja e produktit.<\/p>\n<p>N\u00ebse produkti q\u00eb d\u00ebshironi t\u00eb z\u00ebvend\u00ebsoni nuk \u00ebsht\u00eb m\u00eb n\u00eb stok, ju do t&#8217;ju ofrohet nj\u00eb produkt tjet\u00ebr t\u00eb p\u00ebrshtatsh\u00ebm ose nj\u00eb rimbursim i plot\u00eb.<\/p>\n<p><b>INTER CONNECTION GROUP &#8211; VENUS LLC<\/b> rezervon t\u00eb drejt\u00ebn p\u00ebr t\u00eb ndryshuar &#8220;Politik\u00ebn e Kthimit t\u00eb Produktit&#8221;.<\/p>\n<p>T\u00eb gjitha rishikimet ose ndryshimet do t\u00eb hyjn\u00eb n\u00eb fuqi menj\u00ebher\u00eb pas publikimit t\u00eb tyre n\u00eb faqen e internetit www.icg.mk<\/p>\n<p>[\/vc_column_text][\/vc_column][\/vc_row]<\/p>\n<\/div>","protected":false},"excerpt":{"rendered":"<p>[vc_row][vc_column][vc_column_text] Politika e Kthimit t\u00eb Produktit Ka 2 (dy) mund\u00ebsi p\u00ebr kthimin e produktit: N\u00ebse produkti \u00ebsht\u00eb procesuar gabim (merrni nj\u00eb produkt tjet\u00ebr nga ai q\u00eb keni porositur) INTER CONNECTION GROUP &#8211; VENUS LLC mban p\u00ebrgjegj\u00ebsi t\u00eb plot\u00eb p\u00ebr kthimin e produktit, vet\u00ebm n\u00ebse \u00ebsht\u00eb procesuar gabimisht nga ne. Procesimi i gabuar p\u00ebrfshin: marrjen e [&hellip;]<\/p>\n","protected":false},"author":1,"featured_media":0,"parent":0,"menu_order":0,"comment_status":"closed","ping_status":"closed","template":"","meta":{"footnotes":""},"class_list":["post-8243","page","type-page","status-publish","hentry"],"_links":{"self":[{"href":"https:\/\/icg.mk\/sq\/wp-json\/wp\/v2\/pages\/8243","targetHints":{"allow":["GET"]}}],"collection":[{"href":"https:\/\/icg.mk\/sq\/wp-json\/wp\/v2\/pages"}],"about":[{"href":"https:\/\/icg.mk\/sq\/wp-json\/wp\/v2\/types\/page"}],"author":[{"embeddable":true,"href":"https:\/\/icg.mk\/sq\/wp-json\/wp\/v2\/users\/1"}],"replies":[{"embeddable":true,"href":"https:\/\/icg.mk\/sq\/wp-json\/wp\/v2\/comments?post=8243"}],"version-history":[{"count":0,"href":"https:\/\/icg.mk\/sq\/wp-json\/wp\/v2\/pages\/8243\/revisions"}],"wp:attachment":[{"href":"https:\/\/icg.mk\/sq\/wp-json\/wp\/v2\/media?parent=8243"}],"curies":[{"name":"wp","href":"https:\/\/api.w.org\/{rel}","templated":true}]}}