{"id":8244,"date":"2023-01-28T17:06:35","date_gmt":"2023-01-28T16:06:35","guid":{"rendered":"https:\/\/icg.mk\/sherbimet\/"},"modified":"2024-04-27T16:49:47","modified_gmt":"2024-04-27T15:49:47","slug":"services","status":"publish","type":"page","link":"https:\/\/icg.mk\/sq\/services\/","title":{"rendered":"Sherbimet"},"content":{"rendered":"<div class=\"wpb-content-wrapper\"><p>[vc_row][vc_column][vc_column_text]<\/p>\n<h2><strong>SHERBIMET<\/strong><\/h2>\n<div>\n<p>Inter Connection Group \u00ebsht\u00eb nj\u00eb kompani me nj\u00eb tradit\u00eb t\u00eb gjat\u00eb, partner\u00eb t\u00eb q\u00ebndruesh\u00ebm dhe furnizues, q\u00eb ndjek t\u00eb gjitha tendencat globale n\u00eb fush\u00ebn e ushqimit t\u00eb sh\u00ebndetsh\u00ebm, shtojcave ushqimore, produkteve bimore, produkteve organike, kozmetik\u00ebs natyrale dhe organike &#8211; import, prodhim, promovim dhe shp\u00ebrndarje.<\/p>\n<p>Paleta jon\u00eb e certifikuar organic, p\u00ebr t\u00eb cil\u00ebn jemi m\u00eb t\u00eb njohur dhe jemi shum\u00eb krenar\u00eb, \u00ebsht\u00eb brenda mark\u00ebs son\u00eb t\u00eb regjistruar Probotalife, e cila p\u00ebrfshin n\u00eb portofolin e saj 12 produkte organike, cil\u00ebsia dhe besueshm\u00ebria e tyre d\u00ebshmojn\u00eb nga mij\u00ebra klient\u00eb t\u00eb k\u00ebnaqur t\u00eb t\u00eb gjitha moshave. Probotalife solli fuqin\u00eb e rigon s\u00eb ege organike n\u00eb form\u00ebn e vajit, \u00e7ajit, pikave, dhe sprays p\u00ebr fyt, dhe produkti m\u00eb i fundit, Pastilet me rigon s\u00eb ege t\u00eb egr\u00eb. Gjithashtu, kemi vaj kokosi, vaj komini t\u00eb zi, dhe vaj qershi ege.<\/p>\n<p>Ne gjithashtu jemi udh\u00ebheq\u00ebs n\u00eb importin e disa produkteve q\u00eb kan\u00eb sh\u00ebnuar zhvillimin ton\u00eb, si aspiratori nazal suedez p\u00ebr largimin e mukoz\u00ebs Nose Frida, q\u00eb ishte pioner dhe i pari n\u00eb fush\u00ebn e tij, leht\u00ebsuar frym\u00ebmarrjen dhe rritjen p\u00ebr shum\u00eb bebe dhe f\u00ebmij\u00eb dhe duke treguar t\u00eb jet\u00eb nj\u00eb leht\u00ebsim i madh p\u00ebr bebe dhe f\u00ebmij\u00ebt, bashk\u00eb me sprays dhe pika Probotalife p\u00ebr hund\u00eb t\u00eb egr\u00eb t\u00eb t\u00eb gjitha llojeve, gripe, bakterie dhe viruset e rrug\u00ebs frymore, koll\u00eb, hunde t\u00eb r\u00ebr\u00ebs, duke u mund\u00ebsuar gjum\u00eb t\u00eb qet\u00eb p\u00ebr t\u00eb dy bebet dhe prind\u00ebrit.<\/p>\n<p>Termoforet\u00eb e bebeve t\u00eb Volit kund\u00ebr t\u00eb r\u00ebr\u00ebs n\u00eb ngjyra dhe forma t\u00eb ndryshme, q\u00eb leht\u00ebsojn\u00eb t\u00eb r\u00ebr\u00ebn dhe dhimbjet e barkut n\u00eb bebe dhe f\u00ebmij\u00eb, por edhe ndihmojn\u00eb me dhimbje n\u00eb vesh dhe d\u00ebmtimet si komprese t\u00eb ngroht\u00eb dhe t\u00eb ftoht\u00eb.<\/p>\n<p>Gerdanik\u00ebt e bebeve baltik\u00eb t\u00eb ambr\u00ebs me certifikat\u00eb origjine gjeografike, t\u00eb b\u00ebr\u00eb nga ambr\u00eb e cil\u00ebsis\u00eb m\u00eb t\u00eb lart\u00eb n\u00eb bot\u00eb nga Deti Baltik, e pasur me efektet e dobishme t\u00eb acidit succinic, n\u00eb dy ngjyra &#8211; shum\u00ebngjyr\u00eb dhe cognac.<\/p>\n<p>Grupi i Doktor\u00ebve Vitalis \u00ebsht\u00eb nj\u00eb tjet\u00ebr partner i njohur, i provuar dhe i konsoliduar yn\u00eb nga Serbia me produkte efektive: Vitalis Sport dhe Vitalis Venogel.<\/p>\n<p>Campotu me mark\u00ebn e saj VOONKA ka b\u00ebr\u00eb pak koh\u00eb q\u00eb \u00ebsht\u00eb b\u00ebr\u00eb partner i biznesit ton\u00eb me tre produkte inovative me kolagen, acid hialuronik, dhe vitamina q\u00eb b\u00ebjn\u00eb pjes\u00eb n\u00eb grupin e shtojcave ushqimore, n\u00eb ve\u00e7anti: tableta, kafe kolageni n\u00eb form\u00eb pluhuri, dhe bombona gummy.<\/p>\n<p>Duke ndjekur zhvillimin e tregut, nevojat e tij n\u00eb p\u00ebrputhje me performancat tona, standardet dhe pajisjet, kualifikimet profesionale, \u00ebsht\u00eb nder dhe k\u00ebnaq\u00ebsi p\u00ebr ne t\u00eb ofrojm\u00eb sh\u00ebrbimin ton\u00eb t\u00eb ri, i cili, me zhvillimin e mediave sociale dhe promovimin e markave t\u00eb reja dhe moderne, ka zgjuar nj\u00eb interes t\u00eb madh si n\u00eb Maqedoni, ashtu edhe n\u00eb nivel rajonal, dhe ky \u00ebsht\u00eb &#8220;label i privat&#8221; i produkteve kozmetike p\u00ebr kompanin\u00eb tuaj, n\u00ebn mark\u00ebn tuaj. Ekipi yn\u00eb i profesionist\u00ebve do t\u00eb p\u00ebrdor\u00eb nevoj\u00ebn tuaj me kujdes t\u00eb madh dhe do t\u00eb propozoj\u00eb nj\u00eb zgjidhje t\u00eb plot\u00eb q\u00eb do t\u00eb zgjidhet dhe aprovohet nga ju n\u00eb koh\u00ebn m\u00eb t\u00eb shkurt\u00ebr, prodhimi do t\u00eb kryhet nga teknolog\u00ebt tan\u00eb t\u00eb p\u00ebrvojsh\u00ebm q\u00eb do t\u00eb jen\u00eb p\u00ebrgjegj\u00ebs p\u00ebr t\u00eb gjith\u00eb procesin nga zhvillimi n\u00eb paketim, aprovimi dhe vendosja n\u00eb treg, n\u00eb p\u00ebrputhje me k\u00ebrkesat tuaja dhe normat dhe rregulativat ligjore.<\/p>\n<p>Q\u00ebllimi yn\u00eb \u00ebsht\u00eb nj\u00eb bler\u00ebs i k\u00ebnaqur dhe cil\u00ebsi e garantuar q\u00eb do t\u00eb \u00e7oj\u00eb n\u00eb besim t\u00eb gjat\u00ebmutual dhe bashk\u00ebpunim.<\/p>\n<p>P\u00ebr t\u00eb gjitha informacionet, kontaktoni me ne p\u00ebrmes emailit <a href=\"mailto:info@icg.mk\">info@icg.mk<\/a> ose telefonit +389 71 359 770.<\/p>\n<\/div>\n<p>[\/vc_column_text][\/vc_column][\/vc_row]<\/p>\n<\/div>","protected":false},"excerpt":{"rendered":"<p>[vc_row][vc_column][vc_column_text] SHERBIMET Inter Connection Group \u00ebsht\u00eb nj\u00eb kompani me nj\u00eb tradit\u00eb t\u00eb gjat\u00eb, partner\u00eb t\u00eb q\u00ebndruesh\u00ebm dhe furnizues, q\u00eb ndjek t\u00eb gjitha tendencat globale n\u00eb fush\u00ebn e ushqimit t\u00eb sh\u00ebndetsh\u00ebm, shtojcave ushqimore, produkteve bimore, produkteve organike, kozmetik\u00ebs natyrale dhe organike &#8211; import, prodhim, promovim dhe shp\u00ebrndarje. Paleta jon\u00eb e certifikuar organic, p\u00ebr t\u00eb cil\u00ebn jemi [&hellip;]<\/p>\n","protected":false},"author":1,"featured_media":0,"parent":0,"menu_order":0,"comment_status":"closed","ping_status":"closed","template":"","meta":{"footnotes":""},"class_list":["post-8244","page","type-page","status-publish","hentry"],"_links":{"self":[{"href":"https:\/\/icg.mk\/sq\/wp-json\/wp\/v2\/pages\/8244","targetHints":{"allow":["GET"]}}],"collection":[{"href":"https:\/\/icg.mk\/sq\/wp-json\/wp\/v2\/pages"}],"about":[{"href":"https:\/\/icg.mk\/sq\/wp-json\/wp\/v2\/types\/page"}],"author":[{"embeddable":true,"href":"https:\/\/icg.mk\/sq\/wp-json\/wp\/v2\/users\/1"}],"replies":[{"embeddable":true,"href":"https:\/\/icg.mk\/sq\/wp-json\/wp\/v2\/comments?post=8244"}],"version-history":[{"count":0,"href":"https:\/\/icg.mk\/sq\/wp-json\/wp\/v2\/pages\/8244\/revisions"}],"wp:attachment":[{"href":"https:\/\/icg.mk\/sq\/wp-json\/wp\/v2\/media?parent=8244"}],"curies":[{"name":"wp","href":"https:\/\/api.w.org\/{rel}","templated":true}]}}