{"id":8245,"date":"2022-11-22T16:40:01","date_gmt":"2022-11-22T15:40:01","guid":{"rendered":"https:\/\/icg.mk\/politika-e-transportit\/"},"modified":"2024-04-27T16:49:30","modified_gmt":"2024-04-27T15:49:30","slug":"shipping-policy","status":"publish","type":"page","link":"https:\/\/icg.mk\/sq\/shipping-policy\/","title":{"rendered":"Politika e Transportit"},"content":{"rendered":"<div class=\"wpb-content-wrapper\"><p>[vc_row][vc_column][vc_column_text]<\/p>\n<h3><\/h3>\n<h3>Politika e Transportit<\/h3>\n<p>Porositjet dor\u00ebzohen brenda 3-5 dit\u00ebve t\u00eb pun\u00ebs nga procesimi. Dor\u00ebzimi b\u00ebhet gjat\u00eb or\u00ebve t\u00eb pun\u00ebs t\u00eb sh\u00ebnuara n\u00eb fund t\u00eb k\u00ebsaj faqeje.<\/p>\n<p>N\u00ebse jetoni n\u00eb fshat, porosia do t\u00eb dor\u00ebzohet n\u00eb nj\u00eb depo sh\u00ebrbimi kuriere n\u00eb qytetin m\u00eb t\u00eb af\u00ebrt, ku mund t\u00eb merrni vet\u00eb pas 7 dit\u00ebsh.<\/p>\n<p>Dor\u00ebzimi jasht\u00eb Maqedonis\u00eb aktualisht nuk \u00ebsht\u00eb i mundur.<\/p>\n<p>Dor\u00ebzimi b\u00ebhet n\u00eb der\u00ebn e adres\u00ebs q\u00eb ju jepni gjat\u00eb porosive, n\u00ebse kushtet e lejojn\u00eb, pra, parkim falas ose qasje n\u00eb sht\u00ebpi ose nd\u00ebrtes\u00eb. Ju lutemi vendosni nj\u00eb adres\u00eb ku dikush \u00ebsht\u00eb zakonisht i disponuesh\u00ebm p\u00ebr t\u00eb marr\u00eb paket\u00ebn gjat\u00eb vendosjes s\u00eb nj\u00eb porosie. N\u00ebse nuk keni ask\u00ebnd t\u00eb disponuesh\u00ebm n\u00eb adres\u00ebn tuaj t\u00eb sht\u00ebpis\u00eb, ju lutemi sigurohuni q\u00eb t\u00eb jepni adres\u00ebn e vendit t\u00eb pun\u00ebs. N\u00ebse jepni nj\u00eb adres\u00eb ku askush nuk \u00ebsht\u00eb i disponuesh\u00ebm p\u00ebr t\u00eb marr\u00eb paket\u00ebn, pra, n\u00eb rastin e nj\u00eb ndryshimi t\u00eb adres\u00ebs s\u00eb dor\u00ebzimit p\u00ebr nj\u00eb porosi t\u00eb vendosur tashm\u00eb ose p\u00ebr t\u00eb rizbukuruar t\u00eb nj\u00ebjt\u00ebn paket\u00eb, kostot p\u00ebr rishp\u00ebrndarjen p\u00ebrb\u00ebhen nga bler\u00ebsi.<\/p>\n<p>P\u00ebr \u00e7do pyetje n\u00eb lidhje me &#8220;Politik\u00ebn e Transportit&#8221;, na kontaktoni n\u00eb info@icg.mk ose n\u00eb numrin e telefonit t\u00eb kontaktit: (+389)71-359-770.<\/p>\n<p>[\/vc_column_text][\/vc_column][\/vc_row]<\/p>\n<\/div>","protected":false},"excerpt":{"rendered":"<p>[vc_row][vc_column][vc_column_text] Politika e Transportit Porositjet dor\u00ebzohen brenda 3-5 dit\u00ebve t\u00eb pun\u00ebs nga procesimi. Dor\u00ebzimi b\u00ebhet gjat\u00eb or\u00ebve t\u00eb pun\u00ebs t\u00eb sh\u00ebnuara n\u00eb fund t\u00eb k\u00ebsaj faqeje. N\u00ebse jetoni n\u00eb fshat, porosia do t\u00eb dor\u00ebzohet n\u00eb nj\u00eb depo sh\u00ebrbimi kuriere n\u00eb qytetin m\u00eb t\u00eb af\u00ebrt, ku mund t\u00eb merrni vet\u00eb pas 7 dit\u00ebsh. Dor\u00ebzimi jasht\u00eb Maqedonis\u00eb [&hellip;]<\/p>\n","protected":false},"author":1,"featured_media":0,"parent":0,"menu_order":0,"comment_status":"closed","ping_status":"closed","template":"","meta":{"footnotes":""},"class_list":["post-8245","page","type-page","status-publish","hentry"],"_links":{"self":[{"href":"https:\/\/icg.mk\/sq\/wp-json\/wp\/v2\/pages\/8245","targetHints":{"allow":["GET"]}}],"collection":[{"href":"https:\/\/icg.mk\/sq\/wp-json\/wp\/v2\/pages"}],"about":[{"href":"https:\/\/icg.mk\/sq\/wp-json\/wp\/v2\/types\/page"}],"author":[{"embeddable":true,"href":"https:\/\/icg.mk\/sq\/wp-json\/wp\/v2\/users\/1"}],"replies":[{"embeddable":true,"href":"https:\/\/icg.mk\/sq\/wp-json\/wp\/v2\/comments?post=8245"}],"version-history":[{"count":0,"href":"https:\/\/icg.mk\/sq\/wp-json\/wp\/v2\/pages\/8245\/revisions"}],"wp:attachment":[{"href":"https:\/\/icg.mk\/sq\/wp-json\/wp\/v2\/media?parent=8245"}],"curies":[{"name":"wp","href":"https:\/\/api.w.org\/{rel}","templated":true}]}}