{"id":8246,"date":"2022-05-21T08:42:11","date_gmt":"2022-05-21T07:42:11","guid":{"rendered":"https:\/\/icg.mk\/kushtet-dhe-kushtet\/"},"modified":"2024-04-27T16:48:30","modified_gmt":"2024-04-27T15:48:30","slug":"privacy-policy","status":"publish","type":"page","link":"https:\/\/icg.mk\/sq\/privacy-policy\/","title":{"rendered":"Kushtet dhe Kushtet"},"content":{"rendered":"<h4>Kushtet dhe Kushtet<\/h4>\n<p>Ju lutemi lexoni me kujdes rregullat dhe kushtet para se t\u00eb p\u00ebrdorni faqen e internetit.<\/p>\n<ol>\n<li><b>Rregullat dhe Kushtet e P\u00ebrgjithshme t\u00eb P\u00ebrdorimit<\/b><\/li>\n<\/ol>\n<p>P\u00ebr t\u00eb p\u00ebrdorur faqen e internetit, bler\u00ebsi duhet t\u00eb ket\u00eb qasje n\u00eb internet, drejtp\u00ebrdrejt ose p\u00ebrmes nj\u00eb pajisje tjet\u00ebr me qasje n\u00eb internet. Faqja jon\u00eb nuk mban asnj\u00eb p\u00ebrgjegj\u00ebsi p\u00ebr shkelje ose \u00e7\u00ebshtje teknike (shkaktuar nga pajisjet elektronike t\u00eb p\u00ebrdoruesit) q\u00eb pengojn\u00eb p\u00ebrdorimin e faqes s\u00eb internetit.<\/p>\n<ol start=\"2\">\n<li><b>Mbrojtja e t\u00eb Dh\u00ebnave Personale<\/b><\/li>\n<\/ol>\n<p>Sipas Ligjit p\u00ebr Mbrojtjen e t\u00eb Dh\u00ebnave Personale, Bler\u00ebsi ruan t\u00eb drejt\u00ebn p\u00ebr t\u00eb qasur t\u00eb Dh\u00ebnat e tyre Personale, si dhe p\u00ebr t&#8217;i korrigjuar dhe ndryshuar t\u00eb dh\u00ebnat q\u00eb kan\u00eb dh\u00ebn\u00eb, t\u00eb cilat jan\u00eb b\u00ebr\u00eb pron\u00eb e www.icg.mk p\u00ebrmes p\u00ebrdorimit t\u00eb faqes s\u00eb internetit. <b>INTER CONNECTION GROUP LLC<\/b> deklaron se t\u00eb Dh\u00ebnat Personale t\u00eb dh\u00ebna nga Bler\u00ebsit NUK do t\u00eb jepen te pal\u00eb t\u00eb treta p\u00ebr q\u00ebllime reklamuese ose promovuese.<\/p>\n<ol start=\"3\">\n<li><b>P\u00ebrgjegj\u00ebsit\u00eb e Bler\u00ebsit kur regjistrohen n\u00eb www.icg.mk<\/b><\/li>\n<\/ol>\n<p>Duke p\u00ebrdorur faqen e internetit, Bler\u00ebsi \u00ebsht\u00eb i detyruar t\u00eb jap\u00eb informacion personal t\u00eb sakt\u00eb, t\u00eb p\u00ebrcaktuar dhe t\u00eb plot\u00eb kur plot\u00ebson formularin e regjistrimit. N\u00eb rast se Bler\u00ebsi jep informacion t\u00eb rreme, t\u00eb pasakt\u00eb ose t\u00eb ploth\u00eb\u00e7osur, www.icg.mk rezervon t\u00eb drejt\u00ebn p\u00ebr t\u00eb refuzuar qasjen e tyre n\u00eb nj\u00eb pjes\u00eb ose t\u00eb gjith\u00eb sh\u00ebrbimet n\u00eb t\u00eb ardhmen.<\/p>\n","protected":false},"excerpt":{"rendered":"<p>Kushtet dhe Kushtet Ju lutemi lexoni me kujdes rregullat dhe kushtet para se t\u00eb p\u00ebrdorni faqen e internetit. Rregullat dhe Kushtet e P\u00ebrgjithshme t\u00eb P\u00ebrdorimit P\u00ebr t\u00eb p\u00ebrdorur faqen e internetit, bler\u00ebsi duhet t\u00eb ket\u00eb qasje n\u00eb internet, drejtp\u00ebrdrejt ose p\u00ebrmes nj\u00eb pajisje tjet\u00ebr me qasje n\u00eb internet. Faqja jon\u00eb nuk mban asnj\u00eb p\u00ebrgjegj\u00ebsi p\u00ebr [&hellip;]<\/p>\n","protected":false},"author":1,"featured_media":0,"parent":0,"menu_order":0,"comment_status":"closed","ping_status":"closed","template":"","meta":{"footnotes":""},"class_list":["post-8246","page","type-page","status-publish","hentry"],"_links":{"self":[{"href":"https:\/\/icg.mk\/sq\/wp-json\/wp\/v2\/pages\/8246","targetHints":{"allow":["GET"]}}],"collection":[{"href":"https:\/\/icg.mk\/sq\/wp-json\/wp\/v2\/pages"}],"about":[{"href":"https:\/\/icg.mk\/sq\/wp-json\/wp\/v2\/types\/page"}],"author":[{"embeddable":true,"href":"https:\/\/icg.mk\/sq\/wp-json\/wp\/v2\/users\/1"}],"replies":[{"embeddable":true,"href":"https:\/\/icg.mk\/sq\/wp-json\/wp\/v2\/comments?post=8246"}],"version-history":[{"count":0,"href":"https:\/\/icg.mk\/sq\/wp-json\/wp\/v2\/pages\/8246\/revisions"}],"wp:attachment":[{"href":"https:\/\/icg.mk\/sq\/wp-json\/wp\/v2\/media?parent=8246"}],"curies":[{"name":"wp","href":"https:\/\/api.w.org\/{rel}","templated":true}]}}