{"id":8279,"date":"2024-02-10T19:37:20","date_gmt":"2024-02-10T18:37:20","guid":{"rendered":"https:\/\/icg.mk\/product\/caji-organic-i-rigon-se-egre-me-nje-infuzor-mr-tea-si-dhurate-shtese-2\/"},"modified":"2024-04-27T20:48:21","modified_gmt":"2024-04-27T19:48:21","slug":"caji-organic-i-rigon-se-egre-me-nje-infuzor-mr-tea-si-dhurate-shtese-2","status":"publish","type":"product","link":"https:\/\/icg.mk\/sq\/product\/caji-organic-i-rigon-se-egre-me-nje-infuzor-mr-tea-si-dhurate-shtese-2\/","title":{"rendered":"\u00c7aji organic i rigon s\u00eb egr\u00eb me nj\u00eb infuzor Mr. Tea si dhurat\u00eb shtes\u00eb"},"content":{"rendered":"","protected":false},"excerpt":{"rendered":"<p>Paketa p\u00ebrmban:<br \/>\n&#8211; 1x \u00c7aji Organic i Rigon s\u00eb Egr\u00eb Probotalife<br \/>\n&#8211; 1x Infuzor Mr. Tea<\/p>\n","protected":false},"featured_media":8101,"comment_status":"open","ping_status":"closed","template":"","meta":[],"product_cat":[513],"product_tag":[],"class_list":{"0":"post-8279","1":"product","2":"type-product","3":"status-publish","4":"has-post-thumbnail","6":"product_brand-probotalife-sq","7":"product_cat-sets-sq","9":"first","10":"instock","11":"taxable","12":"shipping-taxable","13":"purchasable","14":"product-type-woosb"},"_links":{"self":[{"href":"https:\/\/icg.mk\/sq\/wp-json\/wp\/v2\/product\/8279","targetHints":{"allow":["GET"]}}],"collection":[{"href":"https:\/\/icg.mk\/sq\/wp-json\/wp\/v2\/product"}],"about":[{"href":"https:\/\/icg.mk\/sq\/wp-json\/wp\/v2\/types\/product"}],"replies":[{"embeddable":true,"href":"https:\/\/icg.mk\/sq\/wp-json\/wp\/v2\/comments?post=8279"}],"wp:featuredmedia":[{"embeddable":true,"href":"https:\/\/icg.mk\/sq\/wp-json\/wp\/v2\/media\/8101"}],"wp:attachment":[{"href":"https:\/\/icg.mk\/sq\/wp-json\/wp\/v2\/media?parent=8279"}],"wp:term":[{"taxonomy":"product_cat","embeddable":true,"href":"https:\/\/icg.mk\/sq\/wp-json\/wp\/v2\/product_cat?post=8279"},{"taxonomy":"product_tag","embeddable":true,"href":"https:\/\/icg.mk\/sq\/wp-json\/wp\/v2\/product_tag?post=8279"}],"curies":[{"name":"wp","href":"https:\/\/api.w.org\/{rel}","templated":true}]}}