{"id":8280,"date":"2024-01-05T19:22:00","date_gmt":"2024-01-05T18:22:00","guid":{"rendered":"https:\/\/icg.mk\/product\/maska-mbrojtese-e-ri-perdorshme-kf94-per-femije\/"},"modified":"2024-04-27T20:52:14","modified_gmt":"2024-04-27T19:52:14","slug":"maska-mbrojtese-e-ri-perdorshme-kf94-per-femije","status":"publish","type":"product","link":"https:\/\/icg.mk\/sq\/product\/maska-mbrojtese-e-ri-perdorshme-kf94-per-femije\/","title":{"rendered":"Maska Mbrojt\u00ebse e Ri-P\u00ebrdorshme KF94 p\u00ebr F\u00ebmij\u00eb"},"content":{"rendered":"","protected":false},"excerpt":{"rendered":"<p>Maskat p\u00ebr f\u00ebmij\u00eb KF94 jan\u00eb projektuar p\u00ebr t\u00eb siguruar mbrojtje m\u00eb t\u00eb madhe p\u00ebr zon\u00ebn e hund\u00ebs dhe goj\u00ebs, si dhe p\u00ebr sistemin e frym\u00ebmarrjes. Dizajni i tyre i p\u00ebrsosur ofron komoditet nga nj\u00ebra an\u00eb dhe mbrojtje t\u00eb rritur nga ana tjet\u00ebr, duke b\u00ebr\u00eb q\u00eb f\u00ebmij\u00ebt t\u00eb jen\u00eb m\u00eb t\u00eb gatsh\u00ebm t&#8217;i vishin p\u00ebr periudha m\u00eb t\u00eb gjata krahasuar me maskat e tjera. Ata jan\u00eb m\u00eb t\u00eb p\u00ebrshtatsh\u00ebm dhe t\u00eb stilizuar se modelet e tjera.<\/p>\n<p>P\u00ebrve\u00e7 k\u00ebsaj, maskat mbrojt\u00ebse KF94 p\u00ebr f\u00ebmij\u00eb jan\u00eb projektuar p\u00ebr p\u00ebrdorime t\u00eb shum\u00ebfishta dhe jan\u00eb b\u00ebr\u00eb nga material i dyfisht\u00eb meltblown, duke rritur fuqin\u00eb mbrojt\u00ebse t\u00eb k\u00ebsaj maske p\u00ebr f\u00ebmij\u00eb. Ata posedojn\u00eb certifikim CE evropian sipas (EU)2016\/425 EN149:2001+A1:2009 Pajisje mbrojt\u00ebse respiratore.<\/p>\n","protected":false},"featured_media":8099,"comment_status":"open","ping_status":"closed","template":"","meta":[],"product_cat":[506],"product_tag":[],"class_list":{"0":"post-8280","1":"product","2":"type-product","3":"status-publish","4":"has-post-thumbnail","6":"product_cat-masks-sq","8":"first","9":"instock","10":"taxable","11":"shipping-taxable","12":"purchasable","13":"product-type-variable","14":"has-default-attributes"},"_links":{"self":[{"href":"https:\/\/icg.mk\/sq\/wp-json\/wp\/v2\/product\/8280","targetHints":{"allow":["GET"]}}],"collection":[{"href":"https:\/\/icg.mk\/sq\/wp-json\/wp\/v2\/product"}],"about":[{"href":"https:\/\/icg.mk\/sq\/wp-json\/wp\/v2\/types\/product"}],"replies":[{"embeddable":true,"href":"https:\/\/icg.mk\/sq\/wp-json\/wp\/v2\/comments?post=8280"}],"wp:featuredmedia":[{"embeddable":true,"href":"https:\/\/icg.mk\/sq\/wp-json\/wp\/v2\/media\/8099"}],"wp:attachment":[{"href":"https:\/\/icg.mk\/sq\/wp-json\/wp\/v2\/media?parent=8280"}],"wp:term":[{"taxonomy":"product_cat","embeddable":true,"href":"https:\/\/icg.mk\/sq\/wp-json\/wp\/v2\/product_cat?post=8280"},{"taxonomy":"product_tag","embeddable":true,"href":"https:\/\/icg.mk\/sq\/wp-json\/wp\/v2\/product_tag?post=8280"}],"curies":[{"name":"wp","href":"https:\/\/api.w.org\/{rel}","templated":true}]}}