{"id":8285,"date":"2023-12-02T23:08:16","date_gmt":"2023-12-02T22:08:16","guid":{"rendered":"https:\/\/icg.mk\/product\/kupa-e-katerkendshme-e-vakumit-nga-silikoni\/"},"modified":"2024-11-10T00:00:27","modified_gmt":"2024-11-09T23:00:27","slug":"kupa-e-katerkendshme-e-vakumit-nga-silikoni","status":"publish","type":"product","link":"https:\/\/icg.mk\/sq\/product\/kupa-e-katerkendshme-e-vakumit-nga-silikoni\/","title":{"rendered":"Kupa e kat\u00ebrk\u00ebndshme e vakumit nga silikoni"},"content":{"rendered":"","protected":false},"excerpt":{"rendered":"<p>Mosh\u00eb 4+ muaj, b\u00ebr\u00eb nga 100% silikoni pa materiale t\u00eb d\u00ebmshme, i sigurt dhe i but\u00eb p\u00ebr f\u00ebmij\u00ebt.<br \/>\nBaza e vakumit parandalon rr\u00ebzimin, l\u00ebvizjen dhe k\u00ebrcimin.<br \/>\nI p\u00ebrshtatsh\u00ebm p\u00ebr mikrovale, lavastoviglie dhe frigorifer.<\/p>\n","protected":false},"featured_media":8065,"comment_status":"open","ping_status":"closed","template":"","meta":[],"product_cat":[504],"product_tag":[],"class_list":{"0":"post-8285","1":"product","2":"type-product","3":"status-publish","4":"has-post-thumbnail","6":"product_brand-voli-baby-sq","7":"product_cat-babies-kids-sq","9":"first","10":"instock","11":"featured","12":"taxable","13":"shipping-taxable","14":"purchasable","15":"product-type-simple"},"_links":{"self":[{"href":"https:\/\/icg.mk\/sq\/wp-json\/wp\/v2\/product\/8285","targetHints":{"allow":["GET"]}}],"collection":[{"href":"https:\/\/icg.mk\/sq\/wp-json\/wp\/v2\/product"}],"about":[{"href":"https:\/\/icg.mk\/sq\/wp-json\/wp\/v2\/types\/product"}],"replies":[{"embeddable":true,"href":"https:\/\/icg.mk\/sq\/wp-json\/wp\/v2\/comments?post=8285"}],"wp:featuredmedia":[{"embeddable":true,"href":"https:\/\/icg.mk\/sq\/wp-json\/wp\/v2\/media\/8065"}],"wp:attachment":[{"href":"https:\/\/icg.mk\/sq\/wp-json\/wp\/v2\/media?parent=8285"}],"wp:term":[{"taxonomy":"product_cat","embeddable":true,"href":"https:\/\/icg.mk\/sq\/wp-json\/wp\/v2\/product_cat?post=8285"},{"taxonomy":"product_tag","embeddable":true,"href":"https:\/\/icg.mk\/sq\/wp-json\/wp\/v2\/product_tag?post=8285"}],"curies":[{"name":"wp","href":"https:\/\/api.w.org\/{rel}","templated":true}]}}