{"id":8290,"date":"2023-09-21T20:39:18","date_gmt":"2023-09-21T19:39:18","guid":{"rendered":"https:\/\/icg.mk\/product\/aspiratori-nazal-neilmed-per-foshnjat-dhe-femijet\/"},"modified":"2023-09-21T20:39:18","modified_gmt":"2023-09-21T19:39:18","slug":"aspiratori-nazal-neilmed-per-foshnjat-dhe-femijet","status":"publish","type":"product","link":"https:\/\/icg.mk\/sq\/product\/aspiratori-nazal-neilmed-per-foshnjat-dhe-femijet\/","title":{"rendered":"Aspiratori nazal NeilMed\u00ae p\u00ebr foshnjat dhe f\u00ebmij\u00ebt"},"content":{"rendered":"<h3>Me aspiratorin nazal NeilMed\u00ae, ju ndihmoni f\u00ebmij\u00ebt tuaj t\u00eb thithin m\u00eb leht\u00eb, t\u00eb ushqehen m\u00eb komodisht dhe t\u00eb flen\u00eb m\u00eb mir\u00eb.<\/h3>\n<p>Si t\u00eb p\u00ebrdorni aspiratorin nazal NeilMed\u00ae?<\/p>\n<ol>\n<li>Vendosni foshnj\u00ebn n\u00eb nj\u00eb pozicion uljeje ose gjysm\u00eb-uljeje.<\/li>\n<li>Vendosni pjes\u00ebn silikonike n\u00eb hund\u00ebn e foshnj\u00ebs dhe t\u00ebrhiqni ajrin n\u00ebp\u00ebrmjet hap\u00ebsir\u00ebs (portokalli) t\u00eb hap\u00ebsir\u00ebs s\u00eb sip\u00ebrme t\u00eb tubit, q\u00eb vepron si nj\u00eb valvul\u00eb nj\u00eb udh\u00eb, duke parandaluar q\u00eb ju t\u00eb p\u00ebrpiqeni t\u00eb thithni aj\u00ebr n\u00eb hund\u00ebn e foshnj\u00ebs. Mund t\u00eb p\u00ebrs\u00ebrisni procesin sipas nevoj\u00ebs n\u00eb t\u00eb dy hund\u00ebt.<\/li>\n<li>N\u00ebse sekrecioni \u00ebsht\u00eb i dendur, para se t\u00eb filloni procesin e aspirimit, \u00ebsht\u00eb e k\u00ebshillueshme t\u00eb aplikoni disa pika t\u00eb Probotalife\u00ae ose spray nasal me rigon t\u00eb egr\u00eb n\u00eb t\u00eb dy hund\u00ebt.<\/li>\n<li>Pastrimi<\/li>\n<\/ol>\n<p>Procesi i pastrimit \u00ebsht\u00eb i thjesht\u00eb dhe duhet p\u00ebrs\u00ebritur pas \u00e7do p\u00ebrdorimi: shkrijeni aspiratorin me l\u00ebng p\u00ebr larje en\u00ebsh ose sapun t\u00eb l\u00ebngsh\u00ebm, shp\u00eblani me kujdes me nj\u00eb rrjedh\u00eb uj\u00eb t\u00eb ngroht\u00eb, dhe lejoni t\u00eb thahet. P\u00ebr dezinfektim, mund t\u00eb p\u00ebrdorni metodat vijuese:<\/p>\n<p>&#8211; Zierja: T\u00eb gjitha pjes\u00ebt (p\u00ebrve\u00e7 filtrit) vendosen n\u00eb uj\u00eb t\u00eb zierur p\u00ebr 5 minuta. Pas ngrohjes, heqni t\u00eb gjitha pjes\u00ebt dhe lejoni q\u00eb ato t\u00eb thahen (mund t\u00eb shtrydhin me nj\u00eb leck\u00eb pa lent\u00eb).<\/p>\n<p>&#8211; Dezinfektimi n\u00eb mikroval\u00eb: Pjes\u00ebt e pastruara me sapun ose l\u00ebng p\u00ebr larje en\u00ebsh, q\u00eb jan\u00eb thar\u00eb me kujdes, vendosen n\u00eb mikroval\u00eb p\u00ebr 45 sekonda.<\/p>\n<p>&#8211; Dezinfektimi kimik: N\u00ebse p\u00ebrdorni tableta ose zgjidhje kimike p\u00ebr dezinfektimin e shishave t\u00eb foshnj\u00ebs, mund t\u00eb p\u00ebrdorni t\u00eb nj\u00ebjt\u00ebn gj\u00eb p\u00ebr dezinfektimin e aspiratorit nazal.<\/p>\n<ol start=\"5\">\n<li>Z\u00ebvend\u00ebsojeni filtrin e higjien\u00ebs n\u00ebse \u00ebsht\u00eb i ndotur, dhe pa dyshim pas p\u00ebrfundimit t\u00eb nj\u00eb infeksioni t\u00eb caktuar akut. Mos tentoni t\u00eb sterilizoni ose t\u00eb riperdorni filtrin n\u00ebse \u00ebsht\u00eb i ndotur me mukus nazal.<\/li>\n<\/ol>\n<p>FALAS: 48 filtra origjinal\u00eb NeilMed\u00ae.<\/p>\n<p>Paralajm\u00ebrim<\/p>\n<ul>\n<li>Ky produkt nuk \u00ebsht\u00eb nj\u00eb lod\u00ebr. Mbajeni jasht\u00eb dor\u00ebs s\u00eb f\u00ebmij\u00ebve.<\/li>\n<\/ul>\n<p>Aspiratori Nazal NeilMed\u00ae \u00ebsht\u00eb aspiratori nazal #1 n\u00eb Amerik\u00eb.<\/p>\n<p>Prodhuar nga<\/p>\n<p>NeilMed Pharmaceuticals Inc. 601 Aviation Blvd. Santa Rosa, CA 95403<\/p>\n","protected":false},"excerpt":{"rendered":"<p>Me aspiratorin nazal NeilMed\u00ae, ju ndihmoni f\u00ebmij\u00ebt tuaj t\u00eb thithin m\u00eb leht\u00eb, t\u00eb ushqehen m\u00eb komodisht dhe t\u00eb flen\u00eb m\u00eb mir\u00eb. Si t\u00eb p\u00ebrdorni aspiratorin nazal NeilMed\u00ae? Vendosni foshnj\u00ebn n\u00eb nj\u00eb pozicion uljeje ose gjysm\u00eb-uljeje. Vendosni pjes\u00ebn silikonike n\u00eb hund\u00ebn e foshnj\u00ebs dhe t\u00ebrhiqni ajrin n\u00ebp\u00ebrmjet hap\u00ebsir\u00ebs (portokalli) t\u00eb hap\u00ebsir\u00ebs s\u00eb sip\u00ebrme t\u00eb tubit, q\u00eb [&hellip;]<\/p>\n","protected":false},"featured_media":8053,"comment_status":"open","ping_status":"closed","template":"","meta":[],"product_cat":[504],"product_tag":[],"class_list":{"0":"post-8290","1":"product","2":"type-product","3":"status-publish","4":"has-post-thumbnail","6":"product_brand-neilmed-sq","7":"product_cat-babies-kids-sq","9":"first","10":"instock","11":"sale","12":"featured","13":"taxable","14":"shipping-taxable","15":"purchasable","16":"product-type-simple"},"_links":{"self":[{"href":"https:\/\/icg.mk\/sq\/wp-json\/wp\/v2\/product\/8290","targetHints":{"allow":["GET"]}}],"collection":[{"href":"https:\/\/icg.mk\/sq\/wp-json\/wp\/v2\/product"}],"about":[{"href":"https:\/\/icg.mk\/sq\/wp-json\/wp\/v2\/types\/product"}],"replies":[{"embeddable":true,"href":"https:\/\/icg.mk\/sq\/wp-json\/wp\/v2\/comments?post=8290"}],"wp:featuredmedia":[{"embeddable":true,"href":"https:\/\/icg.mk\/sq\/wp-json\/wp\/v2\/media\/8053"}],"wp:attachment":[{"href":"https:\/\/icg.mk\/sq\/wp-json\/wp\/v2\/media?parent=8290"}],"wp:term":[{"taxonomy":"product_cat","embeddable":true,"href":"https:\/\/icg.mk\/sq\/wp-json\/wp\/v2\/product_cat?post=8290"},{"taxonomy":"product_tag","embeddable":true,"href":"https:\/\/icg.mk\/sq\/wp-json\/wp\/v2\/product_tag?post=8290"}],"curies":[{"name":"wp","href":"https:\/\/api.w.org\/{rel}","templated":true}]}}