{"id":8293,"date":"2023-05-29T19:58:59","date_gmt":"2023-05-29T18:58:59","guid":{"rendered":"https:\/\/icg.mk\/product\/gerdheni-gjethe-guri-te-gureve-per-foshnjat-pene-e-rrethuar-e-ngjyrese-sezonit-falas\/"},"modified":"2023-05-29T19:58:59","modified_gmt":"2023-05-29T18:58:59","slug":"gerdheni-gjethe-guri-te-gureve-per-foshnjat-pene-e-rrethuar-e-ngjyrese-sezonit-falas","status":"publish","type":"product","link":"https:\/\/icg.mk\/sq\/product\/gerdheni-gjethe-guri-te-gureve-per-foshnjat-pene-e-rrethuar-e-ngjyrese-sezonit-falas\/","title":{"rendered":"Gerdh\u00ebni gjethe guri t\u00eb gur\u00ebve p\u00ebr foshnjat + PEN\u00cb E RRETHUAR E NGJYR\u00cbS\u00cb SEZONIT FALAS"},"content":{"rendered":"","protected":false},"excerpt":{"rendered":"<div id=\"ui-id-2\" class=\"field-group-format-wrapper ui-accordion-content ui-corner-bottom ui-helper-reset ui-widget-content ui-accordion-content-active\" role=\"tabpanel\" aria-labelledby=\"ui-id-1\" aria-hidden=\"false\">\n<div class=\"clearfix text-formatted field field--name-field-product-description field--type-text-with-summary field--label-hidden field__item\">\n<p>Baltic Baby &#8211; Gerdh\u00ebni gjethe guri t\u00eb gur\u00ebve 100% p\u00ebr t\u00eb leht\u00ebsuar simptomat dhe dhimbjen dhe p\u00ebr t\u00eb leht\u00ebsuar ngjizjen te foshnjat dhe f\u00ebmij\u00ebt dhe p\u00ebr t\u00eb p\u00ebrmir\u00ebsuar imunitetin me nj\u00eb certifikat\u00eb cil\u00ebsie dhe origjine.<\/p>\n<p>Efektet pozitive dhe t\u00eb dobishme t\u00eb gurit t\u00eb gurit (nj\u00eb mineral i \u00e7muar) jan\u00eb njohur p\u00ebr nj\u00eb koh\u00eb t\u00eb gjat\u00eb dhe jan\u00eb rezultat i pranis\u00eb s\u00eb acidit sukcinik, i provuar nga fituesi i \u00e7mimit Nobel dhe pionieri i bakteriologjis\u00eb moderne, Robert Koch, i cili tregoi se nuk ka rrezik nga ndikimi i tep\u00ebrt n\u00eb trupin e njeriut. Guri m\u00eb i lart\u00eb cil\u00ebsie \u00ebsht\u00eb guri baltik.<\/p>\n<p>Ata jan\u00eb ndihm\u00ebsat tradicional\u00eb evropian\u00eb p\u00ebr ngjizjen dhe jan\u00eb ve\u00e7an\u00ebrisht t\u00eb p\u00ebrpunuara me dor\u00eb me gjemba unike sigurie dhe nj\u00eb th\u00ebrrime sigurie. Ata p\u00ebrfaq\u00ebsojn\u00eb dhurat\u00ebn perfekte dhe jan\u00eb i destinuar p\u00ebr foshnjat mbi 3 muaj t\u00eb mosh\u00ebs.<\/p>\n<\/div>\n<\/div>\n","protected":false},"featured_media":8047,"comment_status":"open","ping_status":"closed","template":"","meta":[],"product_cat":[504,513],"product_tag":[517],"class_list":{"0":"post-8293","1":"product","2":"type-product","3":"status-publish","4":"has-post-thumbnail","6":"product_brand-baltic-baby-sq","7":"product_cat-babies-kids-sq","8":"product_cat-sets-sq","9":"product_tag-15th-birthday-sq","10":"product_shipping_class-shipping-sq","12":"first","13":"instock","14":"taxable","15":"shipping-taxable","16":"purchasable","17":"product-type-variable"},"_links":{"self":[{"href":"https:\/\/icg.mk\/sq\/wp-json\/wp\/v2\/product\/8293","targetHints":{"allow":["GET"]}}],"collection":[{"href":"https:\/\/icg.mk\/sq\/wp-json\/wp\/v2\/product"}],"about":[{"href":"https:\/\/icg.mk\/sq\/wp-json\/wp\/v2\/types\/product"}],"replies":[{"embeddable":true,"href":"https:\/\/icg.mk\/sq\/wp-json\/wp\/v2\/comments?post=8293"}],"wp:featuredmedia":[{"embeddable":true,"href":"https:\/\/icg.mk\/sq\/wp-json\/wp\/v2\/media\/8047"}],"wp:attachment":[{"href":"https:\/\/icg.mk\/sq\/wp-json\/wp\/v2\/media?parent=8293"}],"wp:term":[{"taxonomy":"product_cat","embeddable":true,"href":"https:\/\/icg.mk\/sq\/wp-json\/wp\/v2\/product_cat?post=8293"},{"taxonomy":"product_tag","embeddable":true,"href":"https:\/\/icg.mk\/sq\/wp-json\/wp\/v2\/product_tag?post=8293"}],"curies":[{"name":"wp","href":"https:\/\/api.w.org\/{rel}","templated":true}]}}