{"id":8296,"date":"2023-05-04T20:04:54","date_gmt":"2023-05-04T19:04:54","guid":{"rendered":"https:\/\/icg.mk\/product\/vaj-organik-i-rigonit-te-eger-me-bombona-te-rigonit-te-eger-falas\/"},"modified":"2025-12-12T01:12:51","modified_gmt":"2025-12-12T00:12:51","slug":"vaj-organik-i-rigonit-te-eger-me-bombona-te-rigonit-te-eger-falas","status":"publish","type":"product","link":"https:\/\/icg.mk\/sq\/product\/vaj-organik-i-rigonit-te-eger-me-bombona-te-rigonit-te-eger-falas\/","title":{"rendered":"Vaj organik i rigonit t\u00eb eg\u00ebr me bombona t\u00eb rigonit t\u00eb eg\u00ebr falas"},"content":{"rendered":"","protected":false},"excerpt":{"rendered":"","protected":false},"featured_media":8045,"comment_status":"open","ping_status":"closed","template":"","meta":[],"product_cat":[513],"product_tag":[],"class_list":{"0":"post-8296","1":"product","2":"type-product","3":"status-publish","4":"has-post-thumbnail","6":"product_brand-probotalife-sq","7":"product_cat-sets-sq","9":"first","10":"instock","11":"featured","12":"taxable","13":"shipping-taxable","14":"purchasable","15":"product-type-woosb"},"_links":{"self":[{"href":"https:\/\/icg.mk\/sq\/wp-json\/wp\/v2\/product\/8296","targetHints":{"allow":["GET"]}}],"collection":[{"href":"https:\/\/icg.mk\/sq\/wp-json\/wp\/v2\/product"}],"about":[{"href":"https:\/\/icg.mk\/sq\/wp-json\/wp\/v2\/types\/product"}],"replies":[{"embeddable":true,"href":"https:\/\/icg.mk\/sq\/wp-json\/wp\/v2\/comments?post=8296"}],"wp:featuredmedia":[{"embeddable":true,"href":"https:\/\/icg.mk\/sq\/wp-json\/wp\/v2\/media\/8045"}],"wp:attachment":[{"href":"https:\/\/icg.mk\/sq\/wp-json\/wp\/v2\/media?parent=8296"}],"wp:term":[{"taxonomy":"product_cat","embeddable":true,"href":"https:\/\/icg.mk\/sq\/wp-json\/wp\/v2\/product_cat?post=8296"},{"taxonomy":"product_tag","embeddable":true,"href":"https:\/\/icg.mk\/sq\/wp-json\/wp\/v2\/product_tag?post=8296"}],"curies":[{"name":"wp","href":"https:\/\/api.w.org\/{rel}","templated":true}]}}