{"id":8298,"date":"2023-01-29T12:41:53","date_gmt":"2023-01-29T11:41:53","guid":{"rendered":"https:\/\/icg.mk\/product\/diffuzor-ajri-dhe-lampa-me-drite-te-bardhe-dhe-ngjyresuese\/"},"modified":"2023-01-29T12:41:53","modified_gmt":"2023-01-29T11:41:53","slug":"diffuzor-ajri-dhe-lampa-me-drite-te-bardhe-dhe-ngjyresuese","status":"publish","type":"product","link":"https:\/\/icg.mk\/sq\/product\/diffuzor-ajri-dhe-lampa-me-drite-te-bardhe-dhe-ngjyresuese\/","title":{"rendered":"Diffuzor Ajri dhe Lampa me Drit\u00eb t\u00eb Bardh\u00eb dhe Ngjyr\u00ebsuese"},"content":{"rendered":"","protected":false},"excerpt":{"rendered":"","protected":false},"featured_media":8005,"comment_status":"open","ping_status":"closed","template":"","meta":[],"product_cat":[503],"product_tag":[],"class_list":{"0":"post-8298","1":"product","2":"type-product","3":"status-publish","4":"has-post-thumbnail","6":"product_cat-accessories-sq","8":"first","9":"instock","10":"taxable","11":"shipping-taxable","12":"purchasable","13":"product-type-simple"},"_links":{"self":[{"href":"https:\/\/icg.mk\/sq\/wp-json\/wp\/v2\/product\/8298","targetHints":{"allow":["GET"]}}],"collection":[{"href":"https:\/\/icg.mk\/sq\/wp-json\/wp\/v2\/product"}],"about":[{"href":"https:\/\/icg.mk\/sq\/wp-json\/wp\/v2\/types\/product"}],"replies":[{"embeddable":true,"href":"https:\/\/icg.mk\/sq\/wp-json\/wp\/v2\/comments?post=8298"}],"wp:featuredmedia":[{"embeddable":true,"href":"https:\/\/icg.mk\/sq\/wp-json\/wp\/v2\/media\/8005"}],"wp:attachment":[{"href":"https:\/\/icg.mk\/sq\/wp-json\/wp\/v2\/media?parent=8298"}],"wp:term":[{"taxonomy":"product_cat","embeddable":true,"href":"https:\/\/icg.mk\/sq\/wp-json\/wp\/v2\/product_cat?post=8298"},{"taxonomy":"product_tag","embeddable":true,"href":"https:\/\/icg.mk\/sq\/wp-json\/wp\/v2\/product_tag?post=8298"}],"curies":[{"name":"wp","href":"https:\/\/api.w.org\/{rel}","templated":true}]}}