{"id":8300,"date":"2022-11-29T17:21:48","date_gmt":"2022-11-29T16:21:48","guid":{"rendered":"https:\/\/icg.mk\/product\/bombona-me-rigon-te-eger\/"},"modified":"2025-05-06T00:00:01","modified_gmt":"2025-05-05T23:00:01","slug":"bombona-me-rigon-te-eger","status":"publish","type":"product","link":"https:\/\/icg.mk\/sq\/product\/bombona-me-rigon-te-eger\/","title":{"rendered":"Bombona me Rigon t\u00eb Eg\u00ebr"},"content":{"rendered":"","protected":false},"excerpt":{"rendered":"<p>Bombona me vaj t\u00eb rigonit t\u00eb eg\u00ebr, mente, \u00e7aj jeshil, timjan dhe vitamin\u00eb C.<br \/>\nP\u00ebr f\u00ebmij\u00eb mbi 4 vje\u00e7 dhe t\u00eb rritur.<\/p>\n","protected":false},"featured_media":7999,"comment_status":"open","ping_status":"closed","template":"","meta":[],"product_cat":[511],"product_tag":[517],"class_list":{"0":"post-8300","1":"product","2":"type-product","3":"status-publish","4":"has-post-thumbnail","6":"product_brand-probotalife-sq","7":"product_cat-organic-food-supplements-sq","8":"product_tag-15th-birthday-sq","10":"first","11":"instock","12":"taxable","13":"shipping-taxable","14":"purchasable","15":"product-type-variable","16":"has-default-attributes"},"_links":{"self":[{"href":"https:\/\/icg.mk\/sq\/wp-json\/wp\/v2\/product\/8300","targetHints":{"allow":["GET"]}}],"collection":[{"href":"https:\/\/icg.mk\/sq\/wp-json\/wp\/v2\/product"}],"about":[{"href":"https:\/\/icg.mk\/sq\/wp-json\/wp\/v2\/types\/product"}],"replies":[{"embeddable":true,"href":"https:\/\/icg.mk\/sq\/wp-json\/wp\/v2\/comments?post=8300"}],"wp:featuredmedia":[{"embeddable":true,"href":"https:\/\/icg.mk\/sq\/wp-json\/wp\/v2\/media\/7999"}],"wp:attachment":[{"href":"https:\/\/icg.mk\/sq\/wp-json\/wp\/v2\/media?parent=8300"}],"wp:term":[{"taxonomy":"product_cat","embeddable":true,"href":"https:\/\/icg.mk\/sq\/wp-json\/wp\/v2\/product_cat?post=8300"},{"taxonomy":"product_tag","embeddable":true,"href":"https:\/\/icg.mk\/sq\/wp-json\/wp\/v2\/product_tag?post=8300"}],"curies":[{"name":"wp","href":"https:\/\/api.w.org\/{rel}","templated":true}]}}