{"id":8312,"date":"2022-06-06T18:58:53","date_gmt":"2022-06-06T17:58:53","guid":{"rendered":"https:\/\/icg.mk\/product\/kompressi-i-ngrohte-per-kolike\/"},"modified":"2025-05-06T00:00:00","modified_gmt":"2025-05-05T23:00:00","slug":"kompressi-i-ngrohte-per-kolike","status":"publish","type":"product","link":"https:\/\/icg.mk\/sq\/product\/kompressi-i-ngrohte-per-kolike\/","title":{"rendered":"Kompressi i ngroht\u00eb p\u00ebr kolik\u00eb"},"content":{"rendered":"","protected":false},"excerpt":{"rendered":"<div id=\"ui-id-2\" class=\"field-group-format-wrapper ui-accordion-content ui-corner-bottom ui-helper-reset ui-widget-content ui-accordion-content-active\" role=\"tabpanel\" aria-labelledby=\"ui-id-1\" aria-hidden=\"false\">\n<div class=\"clearfix text-formatted field field--name-field-product-description field--type-text-with-summary field--label-hidden field__item\">\n<p>Kompressi i ngroht\u00eb p\u00ebr kolik\u00eb \u00ebsht\u00eb i dizajnuar n\u00eb m\u00ebnyr\u00eb unike p\u00ebr ngrohjen e shpejt\u00eb, i cili \u00ebsht\u00eb i destinuar p\u00ebr foshnjat q\u00eb p\u00ebrjetojn\u00eb kolik\u00eb, si dhe p\u00ebr t\u00eb gjitha kushtet ku ngroht\u00ebsia rekomandohet (dhimbje n\u00eb vesh, etj.).<\/p>\n<p>Duke thjesht rrotulluar mjetin, l\u00ebngu fillon t\u00eb kristalizohet, duke prodhuar nj\u00eb temperatur\u00eb rreth 40 grad\u00eb Celsius. Pas ngrohjes, vendoset n\u00eb barkun e foshnj\u00ebs, por jo direkt, m\u00eb shum\u00eb mbi nj\u00eb pelen\u00eb ose body (veshje). Pas k\u00ebsaj, ngrohet p\u00ebrs\u00ebri dhe mund t\u00eb p\u00ebrdoret p\u00ebrs\u00ebri.<\/p>\n<\/div>\n<\/div>\n","protected":false},"featured_media":7893,"comment_status":"open","ping_status":"closed","template":"","meta":[],"product_cat":[504],"product_tag":[],"class_list":{"0":"post-8312","1":"product","2":"type-product","3":"status-publish","4":"has-post-thumbnail","6":"product_brand-voli-baby-sq","7":"product_cat-babies-kids-sq","8":"product_shipping_class-shipping-sq","10":"first","11":"instock","12":"taxable","13":"shipping-taxable","14":"purchasable","15":"product-type-variable","16":"has-default-attributes"},"_links":{"self":[{"href":"https:\/\/icg.mk\/sq\/wp-json\/wp\/v2\/product\/8312","targetHints":{"allow":["GET"]}}],"collection":[{"href":"https:\/\/icg.mk\/sq\/wp-json\/wp\/v2\/product"}],"about":[{"href":"https:\/\/icg.mk\/sq\/wp-json\/wp\/v2\/types\/product"}],"replies":[{"embeddable":true,"href":"https:\/\/icg.mk\/sq\/wp-json\/wp\/v2\/comments?post=8312"}],"wp:featuredmedia":[{"embeddable":true,"href":"https:\/\/icg.mk\/sq\/wp-json\/wp\/v2\/media\/7893"}],"wp:attachment":[{"href":"https:\/\/icg.mk\/sq\/wp-json\/wp\/v2\/media?parent=8312"}],"wp:term":[{"taxonomy":"product_cat","embeddable":true,"href":"https:\/\/icg.mk\/sq\/wp-json\/wp\/v2\/product_cat?post=8312"},{"taxonomy":"product_tag","embeddable":true,"href":"https:\/\/icg.mk\/sq\/wp-json\/wp\/v2\/product_tag?post=8312"}],"curies":[{"name":"wp","href":"https:\/\/api.w.org\/{rel}","templated":true}]}}