{"id":8316,"date":"2022-06-06T18:55:48","date_gmt":"2022-06-06T17:55:48","guid":{"rendered":"https:\/\/icg.mk\/product\/vitalis-venogel\/"},"modified":"2022-06-06T18:55:48","modified_gmt":"2022-06-06T17:55:48","slug":"vitalis-venogel","status":"publish","type":"product","link":"https:\/\/icg.mk\/sq\/product\/vitalis-venogel\/","title":{"rendered":"Vitalis Venogel"},"content":{"rendered":"","protected":false},"excerpt":{"rendered":"<p>Venogel \u00ebsht\u00eb nj\u00eb p\u00ebrgatitje bimore n\u00eb form\u00eb geli. Ajo p\u00ebrmban nj\u00eb kombinim t\u00eb p\u00ebrb\u00ebr\u00ebsve natyral\u00eb q\u00eb leht\u00ebsojn\u00eb menj\u00ebher\u00eb dhimbjen, dhimbjen n\u00eb k\u00ebmb\u00eb, neutralizojn\u00eb ndjesin\u00eb e k\u00ebmb\u00ebve t\u00eb r\u00ebnda dhe rinovojn\u00eb l\u00ebkur\u00ebn.<\/p>\n<p>Formula unike e Vitalisova neutralizon shpejt, leht\u00eb dhe plot\u00ebsisht venat e zgjeruara dhe kapilaret e shp\u00ebrthyer natyrisht !!!<\/p>\n<p>Venogel p\u00ebrmir\u00ebson qarkullimin, forcon dhe tonizon murin e en\u00ebve t\u00eb gjakut, mbrojt kapilaret nga inflamacioni dhe ushqen l\u00ebkur\u00ebn. Ai \u00ebsht\u00eb nj\u00eb ila\u00e7 i bazuar n\u00eb bim\u00eb p\u00ebr venat dhe kapilaret e zgjeruara. Ajo eleminon menj\u00ebher\u00eb ndjenj\u00ebn e k\u00ebmb\u00ebve t\u00eb lodhura dhe t\u00eb fryra!<\/p>\n<p>Substanca bimore rinovojn\u00eb l\u00ebkur\u00ebn dhe reduktojn\u00eb dhimbjet dhe shp\u00ebrthimin e kapilareve. Nuk l\u00eb gjurm\u00eb n\u00eb rroba sepse \u00ebsht\u00eb n\u00eb form\u00eb geli.<\/p>\n<p>Ndihmoni k\u00ebmb\u00ebt tuaja!<br \/>\nK\u00ebmb\u00ebt tuaja do t\u00eb jen\u00eb t\u00eb bukura, t\u00eb lehta dhe t\u00eb mir\u00eb t\u00eb ushqyera.<\/p>\n","protected":false},"featured_media":7837,"comment_status":"open","ping_status":"closed","template":"","meta":[],"product_cat":[507],"product_tag":[],"class_list":{"0":"post-8316","1":"product","2":"type-product","3":"status-publish","4":"has-post-thumbnail","6":"product_brand-vitalis-doctors-group-sq","7":"product_cat-medical-gels-creams-sq","8":"product_shipping_class-shipping-sq","10":"first","11":"instock","12":"taxable","13":"shipping-taxable","14":"purchasable","15":"product-type-variable","16":"has-default-attributes"},"_links":{"self":[{"href":"https:\/\/icg.mk\/sq\/wp-json\/wp\/v2\/product\/8316","targetHints":{"allow":["GET"]}}],"collection":[{"href":"https:\/\/icg.mk\/sq\/wp-json\/wp\/v2\/product"}],"about":[{"href":"https:\/\/icg.mk\/sq\/wp-json\/wp\/v2\/types\/product"}],"replies":[{"embeddable":true,"href":"https:\/\/icg.mk\/sq\/wp-json\/wp\/v2\/comments?post=8316"}],"wp:featuredmedia":[{"embeddable":true,"href":"https:\/\/icg.mk\/sq\/wp-json\/wp\/v2\/media\/7837"}],"wp:attachment":[{"href":"https:\/\/icg.mk\/sq\/wp-json\/wp\/v2\/media?parent=8316"}],"wp:term":[{"taxonomy":"product_cat","embeddable":true,"href":"https:\/\/icg.mk\/sq\/wp-json\/wp\/v2\/product_cat?post=8316"},{"taxonomy":"product_tag","embeddable":true,"href":"https:\/\/icg.mk\/sq\/wp-json\/wp\/v2\/product_tag?post=8316"}],"curies":[{"name":"wp","href":"https:\/\/api.w.org\/{rel}","templated":true}]}}