{"id":8320,"date":"2022-06-06T18:52:08","date_gmt":"2022-06-06T17:52:08","guid":{"rendered":"https:\/\/icg.mk\/product\/vaj-organik-i-fares-se-zi-2\/"},"modified":"2025-05-06T00:00:01","modified_gmt":"2025-05-05T23:00:01","slug":"vaj-organik-i-fares-se-zi-2","status":"publish","type":"product","link":"https:\/\/icg.mk\/sq\/product\/vaj-organik-i-fares-se-zi-2\/","title":{"rendered":"Vaj organik i far\u00ebs s\u00eb zi"},"content":{"rendered":"","protected":false},"excerpt":{"rendered":"<div id=\"ui-id-2\" class=\"field-group-format-wrapper ui-accordion-content ui-corner-bottom ui-helper-reset ui-widget-content ui-accordion-content-active\" role=\"tabpanel\" aria-labelledby=\"ui-id-1\" aria-hidden=\"false\">\n<div class=\"clearfix text-formatted field field--name-field-product-description field--type-text-with-summary field--label-hidden field__item\">\n<p>Probotalife &#8211; 100% Vaj Organik i Far\u00ebs s\u00eb Zi<br \/>\nKarakterizohet nga nj\u00eb kompozicion i pasur i yndyrave t\u00eb pak\u00ebt dhe t\u00eb domosdoshme esenciale (linoleik, oleik, palmitoleik, dhe linolenik acid).<\/p>\n<p>N\u00eb mesin e komponent\u00ebve t\u00eb aktiv\u00eb, dominonin terpen\u00ebt dhe terpenoid\u00ebt, ku m\u00eb efektivi jan\u00eb nigellone dhe thymoquinone, s\u00eb bashku me vitaminat nga grupi i kompleksit B, A, C, E, kalium, natrium, kalcium, zink, selen, hekur, acid folik, dhe aminoacidet esenciale t\u00eb nevojshme p\u00ebr funksionimin optimal t\u00eb trupit.<\/p>\n<\/div>\n<\/div>\n","protected":false},"featured_media":7879,"comment_status":"open","ping_status":"closed","template":"","meta":[],"product_cat":[511],"product_tag":[517],"class_list":{"0":"post-8320","1":"product","2":"type-product","3":"status-publish","4":"has-post-thumbnail","6":"product_brand-probotalife-sq","7":"product_cat-organic-food-supplements-sq","8":"product_tag-15th-birthday-sq","9":"product_shipping_class-shipping-sq","11":"first","12":"instock","13":"taxable","14":"shipping-taxable","15":"purchasable","16":"product-type-variable","17":"has-default-attributes"},"_links":{"self":[{"href":"https:\/\/icg.mk\/sq\/wp-json\/wp\/v2\/product\/8320","targetHints":{"allow":["GET"]}}],"collection":[{"href":"https:\/\/icg.mk\/sq\/wp-json\/wp\/v2\/product"}],"about":[{"href":"https:\/\/icg.mk\/sq\/wp-json\/wp\/v2\/types\/product"}],"replies":[{"embeddable":true,"href":"https:\/\/icg.mk\/sq\/wp-json\/wp\/v2\/comments?post=8320"}],"wp:featuredmedia":[{"embeddable":true,"href":"https:\/\/icg.mk\/sq\/wp-json\/wp\/v2\/media\/7879"}],"wp:attachment":[{"href":"https:\/\/icg.mk\/sq\/wp-json\/wp\/v2\/media?parent=8320"}],"wp:term":[{"taxonomy":"product_cat","embeddable":true,"href":"https:\/\/icg.mk\/sq\/wp-json\/wp\/v2\/product_cat?post=8320"},{"taxonomy":"product_tag","embeddable":true,"href":"https:\/\/icg.mk\/sq\/wp-json\/wp\/v2\/product_tag?post=8320"}],"curies":[{"name":"wp","href":"https:\/\/api.w.org\/{rel}","templated":true}]}}