{"id":8322,"date":"2022-06-06T18:50:49","date_gmt":"2022-06-06T17:50:49","guid":{"rendered":"https:\/\/icg.mk\/product\/pika-hundore-oregano-hipertonik\/"},"modified":"2025-05-06T00:00:01","modified_gmt":"2025-05-05T23:00:01","slug":"pika-hundore-oregano-hipertonik","status":"publish","type":"product","link":"https:\/\/icg.mk\/sq\/product\/pika-hundore-oregano-hipertonik\/","title":{"rendered":"Pika hundore oregano hipertonik"},"content":{"rendered":"","protected":false},"excerpt":{"rendered":"<div id=\"ui-id-2\" class=\"field-group-format-wrapper ui-accordion-content ui-corner-bottom ui-helper-reset ui-widget-content ui-accordion-content-active\" role=\"tabpanel\" aria-labelledby=\"ui-id-1\" aria-hidden=\"false\">\n<div class=\"clearfix text-formatted field field--name-field-product-description field--type-text-with-summary field--label-hidden field__item\">\n<p>Pika hundore oregano hipertonik jan\u00eb ideale p\u00ebr pastrimin lokal dhe t\u00ebr\u00ebsor t\u00eb dushit hundor gjat\u00eb rrjedhjes s\u00eb hund\u00ebs, sinuzitit, infeksioneve t\u00eb ndryshme, that\u00ebsis\u00eb q\u00eb shkaktohet nga klima ose pajisje ngroh\u00ebse, dhe p\u00ebr individ\u00ebt q\u00eb kan\u00eb probleme me zinxhirin dhe alergjit\u00eb e ndryshme.<\/p>\n<p><strong>Paketa<\/strong>: 10 ml<\/p>\n<\/div>\n<\/div>\n","protected":false},"featured_media":7915,"comment_status":"open","ping_status":"closed","template":"","meta":[],"product_cat":[514],"product_tag":[],"class_list":{"0":"post-8322","1":"product","2":"type-product","3":"status-publish","4":"has-post-thumbnail","6":"product_brand-probotalife-sq","7":"product_cat-nasal-oral-sprays-drops-sq","8":"product_shipping_class-shipping-sq","10":"first","11":"instock","12":"taxable","13":"shipping-taxable","14":"purchasable","15":"product-type-variable","16":"has-default-attributes"},"_links":{"self":[{"href":"https:\/\/icg.mk\/sq\/wp-json\/wp\/v2\/product\/8322","targetHints":{"allow":["GET"]}}],"collection":[{"href":"https:\/\/icg.mk\/sq\/wp-json\/wp\/v2\/product"}],"about":[{"href":"https:\/\/icg.mk\/sq\/wp-json\/wp\/v2\/types\/product"}],"replies":[{"embeddable":true,"href":"https:\/\/icg.mk\/sq\/wp-json\/wp\/v2\/comments?post=8322"}],"wp:featuredmedia":[{"embeddable":true,"href":"https:\/\/icg.mk\/sq\/wp-json\/wp\/v2\/media\/7915"}],"wp:attachment":[{"href":"https:\/\/icg.mk\/sq\/wp-json\/wp\/v2\/media?parent=8322"}],"wp:term":[{"taxonomy":"product_cat","embeddable":true,"href":"https:\/\/icg.mk\/sq\/wp-json\/wp\/v2\/product_cat?post=8322"},{"taxonomy":"product_tag","embeddable":true,"href":"https:\/\/icg.mk\/sq\/wp-json\/wp\/v2\/product_tag?post=8322"}],"curies":[{"name":"wp","href":"https:\/\/api.w.org\/{rel}","templated":true}]}}