{"id":8326,"date":"2022-06-06T18:47:39","date_gmt":"2022-06-06T17:47:39","guid":{"rendered":"https:\/\/icg.mk\/product\/shprice-hundesh-me-rigon-per-foshnjat\/"},"modified":"2025-05-06T00:00:01","modified_gmt":"2025-05-05T23:00:01","slug":"shprice-hundesh-me-rigon-per-foshnjat","status":"publish","type":"product","link":"https:\/\/icg.mk\/sq\/product\/shprice-hundesh-me-rigon-per-foshnjat\/","title":{"rendered":"Shpric\u00eb hund\u00ebsh me rigon p\u00ebr foshnjat"},"content":{"rendered":"","protected":false},"excerpt":{"rendered":"<div id=\"ui-id-2\" class=\"field-group-format-wrapper ui-accordion-content ui-corner-bottom ui-helper-reset ui-widget-content ui-accordion-content-active\" role=\"tabpanel\" aria-labelledby=\"ui-id-1\" aria-hidden=\"false\">\n<div class=\"clearfix text-formatted field field--name-field-product-description field--type-text-with-summary field--label-hidden field__item\">\n<p>Pshfsh i hund\u00ebve p\u00ebr foshnjat Probotalife-100% Baby oregano<\/p>\n<p>Ideale p\u00ebr pastrimin lokal dhe t\u00ebr\u00ebsor t\u00eb dushit hundor gjat\u00eb rrjedhjes s\u00eb hund\u00ebs, sinuzitit, infeksioneve t\u00eb ndryshme, that\u00ebsis\u00eb, dhe alergjive.<\/p>\n<\/div>\n<\/div>\n","protected":false},"featured_media":7883,"comment_status":"open","ping_status":"closed","template":"","meta":[],"product_cat":[504,514],"product_tag":[517],"class_list":{"0":"post-8326","1":"product","2":"type-product","3":"status-publish","4":"has-post-thumbnail","6":"product_brand-probotalife-sq","7":"product_cat-babies-kids-sq","8":"product_cat-nasal-oral-sprays-drops-sq","9":"product_tag-15th-birthday-sq","10":"product_shipping_class-shipping-sq","12":"first","13":"instock","14":"taxable","15":"shipping-taxable","16":"purchasable","17":"product-type-variable","18":"has-default-attributes"},"_links":{"self":[{"href":"https:\/\/icg.mk\/sq\/wp-json\/wp\/v2\/product\/8326","targetHints":{"allow":["GET"]}}],"collection":[{"href":"https:\/\/icg.mk\/sq\/wp-json\/wp\/v2\/product"}],"about":[{"href":"https:\/\/icg.mk\/sq\/wp-json\/wp\/v2\/types\/product"}],"replies":[{"embeddable":true,"href":"https:\/\/icg.mk\/sq\/wp-json\/wp\/v2\/comments?post=8326"}],"wp:featuredmedia":[{"embeddable":true,"href":"https:\/\/icg.mk\/sq\/wp-json\/wp\/v2\/media\/7883"}],"wp:attachment":[{"href":"https:\/\/icg.mk\/sq\/wp-json\/wp\/v2\/media?parent=8326"}],"wp:term":[{"taxonomy":"product_cat","embeddable":true,"href":"https:\/\/icg.mk\/sq\/wp-json\/wp\/v2\/product_cat?post=8326"},{"taxonomy":"product_tag","embeddable":true,"href":"https:\/\/icg.mk\/sq\/wp-json\/wp\/v2\/product_tag?post=8326"}],"curies":[{"name":"wp","href":"https:\/\/api.w.org\/{rel}","templated":true}]}}