{"id":8328,"date":"2022-06-06T18:46:43","date_gmt":"2022-06-06T17:46:43","guid":{"rendered":"https:\/\/icg.mk\/product\/shprice-hundesh-oregano-hipertonik\/"},"modified":"2025-05-06T00:00:01","modified_gmt":"2025-05-05T23:00:01","slug":"shprice-hundesh-oregano-hipertonik","status":"publish","type":"product","link":"https:\/\/icg.mk\/sq\/product\/shprice-hundesh-oregano-hipertonik\/","title":{"rendered":"Shpric\u00eb hund\u00ebsh oregano hipertonik"},"content":{"rendered":"","protected":false},"excerpt":{"rendered":"<div id=\"ui-id-2\" class=\"field-group-format-wrapper ui-accordion-content ui-corner-bottom ui-helper-reset ui-widget-content ui-accordion-content-active\" role=\"tabpanel\" aria-labelledby=\"ui-id-1\" aria-hidden=\"false\">\n<div class=\"clearfix text-formatted field field--name-field-product-description field--type-text-with-summary field--label-hidden field__item\">\n<ul>\n<li>Probotalife &#8211; Shpric\u00eb hund\u00ebsh oregano hipertonik<\/li>\n<\/ul>\n<p>Ideale p\u00ebr pastrimin lokal t\u00ebr\u00ebsor t\u00eb dushit hundor gjat\u00eb rrjedhjes s\u00eb hund\u00ebs, sinuzitit, infeksioneve t\u00eb ndryshme, that\u00ebsis\u00eb q\u00eb shkaktohet nga klima ose pajisje ngroh\u00ebse, p\u00ebr individ\u00ebt q\u00eb p\u00ebrjetojn\u00eb zinxhirin dhe alergjit\u00eb e ndryshme.<\/p>\n<p><strong>Paketa<\/strong>: 30 ml<\/p>\n<\/div>\n<\/div>\n","protected":false},"featured_media":7885,"comment_status":"open","ping_status":"closed","template":"","meta":[],"product_cat":[514],"product_tag":[517],"class_list":{"0":"post-8328","1":"product","2":"type-product","3":"status-publish","4":"has-post-thumbnail","6":"product_brand-probotalife-sq","7":"product_cat-nasal-oral-sprays-drops-sq","8":"product_tag-15th-birthday-sq","9":"product_shipping_class-shipping-sq","11":"first","12":"instock","13":"taxable","14":"shipping-taxable","15":"purchasable","16":"product-type-variable","17":"has-default-attributes"},"_links":{"self":[{"href":"https:\/\/icg.mk\/sq\/wp-json\/wp\/v2\/product\/8328","targetHints":{"allow":["GET"]}}],"collection":[{"href":"https:\/\/icg.mk\/sq\/wp-json\/wp\/v2\/product"}],"about":[{"href":"https:\/\/icg.mk\/sq\/wp-json\/wp\/v2\/types\/product"}],"replies":[{"embeddable":true,"href":"https:\/\/icg.mk\/sq\/wp-json\/wp\/v2\/comments?post=8328"}],"wp:featuredmedia":[{"embeddable":true,"href":"https:\/\/icg.mk\/sq\/wp-json\/wp\/v2\/media\/7885"}],"wp:attachment":[{"href":"https:\/\/icg.mk\/sq\/wp-json\/wp\/v2\/media?parent=8328"}],"wp:term":[{"taxonomy":"product_cat","embeddable":true,"href":"https:\/\/icg.mk\/sq\/wp-json\/wp\/v2\/product_cat?post=8328"},{"taxonomy":"product_tag","embeddable":true,"href":"https:\/\/icg.mk\/sq\/wp-json\/wp\/v2\/product_tag?post=8328"}],"curies":[{"name":"wp","href":"https:\/\/api.w.org\/{rel}","templated":true}]}}