{"id":8330,"date":"2022-06-06T18:45:48","date_gmt":"2022-06-06T17:45:48","guid":{"rendered":"https:\/\/icg.mk\/product\/caji-organik-i-rigonit-te-eger\/"},"modified":"2025-05-06T00:00:01","modified_gmt":"2025-05-05T23:00:01","slug":"caji-organik-i-rigonit-te-eger","status":"publish","type":"product","link":"https:\/\/icg.mk\/sq\/product\/caji-organik-i-rigonit-te-eger\/","title":{"rendered":"\u00c7aji Organik i Rigonit t\u00eb Eg\u00ebr"},"content":{"rendered":"","protected":false},"excerpt":{"rendered":"<p>Probotalife &#8211; 100% \u00c7aji Organik i Rigonit t\u00eb Eg\u00ebr<\/p>\n<p>I certifikuar 100% natyral dhe organik, ky \u00e7aj p\u00ebrgatitet duke i grumbulluar pjes\u00ebt mbi tok\u00eb t\u00eb bim\u00ebs endemike Origanum minutiflorum, e cila rritet n\u00eb mbi 2000 metra mbi nivelin e detit dhe dallon p\u00ebr arom\u00ebn e saj specifike dhe t\u00eb k\u00ebndshme malore.<\/p>\n<p>Efekti i Produktit:<br \/>\nNj\u00eb pije \u00e7aji q\u00eb ka nj\u00eb efekt t\u00eb dobish\u00ebm n\u00eb t\u00eb gjith\u00eb trupin dhe mund t\u00eb konsumohet disa her\u00eb n\u00eb dit\u00eb.<\/p>\n","protected":false},"featured_media":7887,"comment_status":"open","ping_status":"closed","template":"","meta":[],"product_cat":[511],"product_tag":[517],"class_list":{"0":"post-8330","1":"product","2":"type-product","3":"status-publish","4":"has-post-thumbnail","6":"product_brand-probotalife-sq","7":"product_cat-organic-food-supplements-sq","8":"product_tag-15th-birthday-sq","9":"product_shipping_class-shipping-sq","11":"first","12":"instock","13":"taxable","14":"shipping-taxable","15":"purchasable","16":"product-type-variable","17":"has-default-attributes"},"_links":{"self":[{"href":"https:\/\/icg.mk\/sq\/wp-json\/wp\/v2\/product\/8330","targetHints":{"allow":["GET"]}}],"collection":[{"href":"https:\/\/icg.mk\/sq\/wp-json\/wp\/v2\/product"}],"about":[{"href":"https:\/\/icg.mk\/sq\/wp-json\/wp\/v2\/types\/product"}],"replies":[{"embeddable":true,"href":"https:\/\/icg.mk\/sq\/wp-json\/wp\/v2\/comments?post=8330"}],"wp:featuredmedia":[{"embeddable":true,"href":"https:\/\/icg.mk\/sq\/wp-json\/wp\/v2\/media\/7887"}],"wp:attachment":[{"href":"https:\/\/icg.mk\/sq\/wp-json\/wp\/v2\/media?parent=8330"}],"wp:term":[{"taxonomy":"product_cat","embeddable":true,"href":"https:\/\/icg.mk\/sq\/wp-json\/wp\/v2\/product_cat?post=8330"},{"taxonomy":"product_tag","embeddable":true,"href":"https:\/\/icg.mk\/sq\/wp-json\/wp\/v2\/product_tag?post=8330"}],"curies":[{"name":"wp","href":"https:\/\/api.w.org\/{rel}","templated":true}]}}