{"id":8332,"date":"2022-06-06T18:44:46","date_gmt":"2022-06-06T17:44:46","guid":{"rendered":"https:\/\/icg.mk\/product\/vaj-i-rigonit-te-eger-organik\/"},"modified":"2025-05-06T00:00:01","modified_gmt":"2025-05-05T23:00:01","slug":"vaj-i-rigonit-te-eger-organik","status":"publish","type":"product","link":"https:\/\/icg.mk\/sq\/product\/vaj-i-rigonit-te-eger-organik\/","title":{"rendered":"Vaj i Rigonit t\u00eb Eg\u00ebr Organik"},"content":{"rendered":"<ul>\n<li>Probotalife &#8211; 100% vaj i Rigonit t\u00eb Eg\u00ebr Organik<\/li>\n<\/ul>\n<p>P\u00ebr shkak t\u00eb p\u00ebrqindjes s\u00eb lart\u00eb t\u00eb karvakrolit, tradicionalisht p\u00ebrdoret p\u00ebr konsum, inhalim t\u00eb ngroht\u00eb dhe aplikim n\u00eb l\u00ebkur\u00eb.<\/p>\n<p><strong>Shum\u00eb efikas kund\u00ebr:<\/strong><\/p>\n<ul>\n<li>Sinuzitit<\/li>\n<li>Alergjive t\u00eb vjesht\u00ebs<\/li>\n<li>Gripit dhe viruseve<\/li>\n<li>Ngricave dhe baktereve<\/li>\n<li>Efektivisht eleminon bakteriet (Escherichia coli, staphylococci, streptococci, Listeria)<\/li>\n<\/ul>\n","protected":false},"excerpt":{"rendered":"<p>Probotalife &#8211; 100% vaj i Rigonit t\u00eb Eg\u00ebr Organik P\u00ebr shkak t\u00eb p\u00ebrqindjes s\u00eb lart\u00eb t\u00eb karvakrolit, tradicionalisht p\u00ebrdoret p\u00ebr konsum, inhalim t\u00eb ngroht\u00eb dhe aplikim n\u00eb l\u00ebkur\u00eb. Shum\u00eb efikas kund\u00ebr: Sinuzitit Alergjive t\u00eb vjesht\u00ebs Gripit dhe viruseve Ngricave dhe baktereve Efektivisht eleminon bakteriet (Escherichia coli, staphylococci, streptococci, Listeria)<\/p>\n","protected":false},"featured_media":8091,"comment_status":"open","ping_status":"closed","template":"","meta":[],"product_cat":[511],"product_tag":[517],"class_list":{"0":"post-8332","1":"product","2":"type-product","3":"status-publish","4":"has-post-thumbnail","6":"product_brand-probotalife-sq","7":"product_cat-organic-food-supplements-sq","8":"product_tag-15th-birthday-sq","9":"product_shipping_class-shipping-sq","11":"first","12":"instock","13":"taxable","14":"shipping-taxable","15":"purchasable","16":"product-type-variable","17":"has-default-attributes"},"_links":{"self":[{"href":"https:\/\/icg.mk\/sq\/wp-json\/wp\/v2\/product\/8332","targetHints":{"allow":["GET"]}}],"collection":[{"href":"https:\/\/icg.mk\/sq\/wp-json\/wp\/v2\/product"}],"about":[{"href":"https:\/\/icg.mk\/sq\/wp-json\/wp\/v2\/types\/product"}],"replies":[{"embeddable":true,"href":"https:\/\/icg.mk\/sq\/wp-json\/wp\/v2\/comments?post=8332"}],"wp:featuredmedia":[{"embeddable":true,"href":"https:\/\/icg.mk\/sq\/wp-json\/wp\/v2\/media\/8091"}],"wp:attachment":[{"href":"https:\/\/icg.mk\/sq\/wp-json\/wp\/v2\/media?parent=8332"}],"wp:term":[{"taxonomy":"product_cat","embeddable":true,"href":"https:\/\/icg.mk\/sq\/wp-json\/wp\/v2\/product_cat?post=8332"},{"taxonomy":"product_tag","embeddable":true,"href":"https:\/\/icg.mk\/sq\/wp-json\/wp\/v2\/product_tag?post=8332"}],"curies":[{"name":"wp","href":"https:\/\/api.w.org\/{rel}","templated":true}]}}