{"id":8334,"date":"2022-05-23T17:32:24","date_gmt":"2022-05-23T16:32:24","guid":{"rendered":"https:\/\/icg.mk\/product\/krema-sportive-e-vitalis\/"},"modified":"2022-05-23T17:32:24","modified_gmt":"2022-05-23T16:32:24","slug":"krema-sportive-e-vitalis","status":"publish","type":"product","link":"https:\/\/icg.mk\/sq\/product\/krema-sportive-e-vitalis\/","title":{"rendered":"Krema Sportive e Vitalis"},"content":{"rendered":"","protected":false},"excerpt":{"rendered":"<p><strong>Krema sportive<\/strong> \u00ebsht\u00eb nj\u00eb produkt anti-reumatik bimor, efektiv p\u00ebr reumatizmin, artritin, l\u00ebndimet sportive, dhimbjen n\u00eb kurriz, qaf\u00eb t\u00eb mbyllur dhe problemet q\u00eb p\u00ebrballen nga njer\u00ebzit biznesit q\u00eb kalojn\u00eb or\u00eb t\u00eb gjata n\u00eb zyrat. Aktualisht leht\u00ebson dhimbjen!<\/p>\n<p><strong>Kombinimi unik i eukaliptit<\/strong>, <strong>mente, rozmarin\u00ebs dhe aloes do t&#8217;ju rikthej\u00eb rinin\u00eb nyjeve tuaja!<\/strong><\/p>\n<p><strong>Krema sportive<\/strong> jo vet\u00ebm q\u00eb leht\u00ebson dhimbjen, por gjithashtu forcon nyjen dhe p\u00ebrmir\u00ebson qarkullimin brenda vet\u00eb nyjes. Ajo leht\u00ebson dhimbjet reumatike dhe ato t\u00eb lidhura me sportin.<\/p>\n","protected":false},"featured_media":7835,"comment_status":"open","ping_status":"closed","template":"","meta":[],"product_cat":[507],"product_tag":[],"class_list":{"0":"post-8334","1":"product","2":"type-product","3":"status-publish","4":"has-post-thumbnail","6":"product_brand-vitalis-doctors-group-sq","7":"product_cat-medical-gels-creams-sq","8":"product_shipping_class-shipping-sq","10":"first","11":"instock","12":"taxable","13":"shipping-taxable","14":"purchasable","15":"product-type-variable","16":"has-default-attributes"},"_links":{"self":[{"href":"https:\/\/icg.mk\/sq\/wp-json\/wp\/v2\/product\/8334","targetHints":{"allow":["GET"]}}],"collection":[{"href":"https:\/\/icg.mk\/sq\/wp-json\/wp\/v2\/product"}],"about":[{"href":"https:\/\/icg.mk\/sq\/wp-json\/wp\/v2\/types\/product"}],"replies":[{"embeddable":true,"href":"https:\/\/icg.mk\/sq\/wp-json\/wp\/v2\/comments?post=8334"}],"wp:featuredmedia":[{"embeddable":true,"href":"https:\/\/icg.mk\/sq\/wp-json\/wp\/v2\/media\/7835"}],"wp:attachment":[{"href":"https:\/\/icg.mk\/sq\/wp-json\/wp\/v2\/media?parent=8334"}],"wp:term":[{"taxonomy":"product_cat","embeddable":true,"href":"https:\/\/icg.mk\/sq\/wp-json\/wp\/v2\/product_cat?post=8334"},{"taxonomy":"product_tag","embeddable":true,"href":"https:\/\/icg.mk\/sq\/wp-json\/wp\/v2\/product_tag?post=8334"}],"curies":[{"name":"wp","href":"https:\/\/api.w.org\/{rel}","templated":true}]}}