{"id":8395,"date":"2024-09-19T13:49:47","date_gmt":"2024-09-19T12:49:47","guid":{"rendered":"https:\/\/icg.mk\/product\/oftalmo-vitalis-per-sy-te-shendetshem-dhe-shikim-te-shkelqyeshem\/"},"modified":"2024-09-19T13:49:47","modified_gmt":"2024-09-19T12:49:47","slug":"oftalmo-vitalis-per-sy-te-shendetshem-dhe-shikim-te-shkelqyeshem","status":"publish","type":"product","link":"https:\/\/icg.mk\/sq\/product\/oftalmo-vitalis-per-sy-te-shendetshem-dhe-shikim-te-shkelqyeshem\/","title":{"rendered":"Oftalmo Vitalis &#8211; P\u00ebr sy t\u00eb sh\u00ebndetsh\u00ebm dhe shikim t\u00eb shk\u00eblqyesh\u00ebm"},"content":{"rendered":"<p>Suplement dietik Sasia neto: 12 gr. M\u00ebnyra e p\u00ebrdorimit: T\u00eb rriturit \u2013 pini nj\u00eb kapsul\u00eb Oftalmo Vitalis n\u00eb dit\u00eb me ushqimin kryesor. Q\u00ebllimi i produktit: Oftalmo Vitalis \u00ebsht\u00eb nj\u00eb suplement ushqimor bazuar n\u00eb p\u00ebrb\u00ebrje bioaktive \u2013 pigmente karotenoide t\u00eb lutein\u00ebs, zeaksantin\u00ebs, vitamina A, B2, C, E dhe zink. Vitaminat A, B2 dhe zinku kontribuojn\u00eb n\u00eb ruajtjen e nj\u00eb shikimi normal. Zinku kontribuon n\u00eb metabolizimin normal t\u00eb vitamin\u00ebs A, nd\u00ebrsa vitaminat B2, C, E dhe zinku kontribuojn\u00eb n\u00eb mbrojtjen e qelizave nga stresi oksidativ. Sh\u00ebnim: Suplementet ushqimore nuk mund t\u00eb p\u00ebrdoren si z\u00ebvend\u00ebsim p\u00ebr nj\u00eb diet\u00eb t\u00eb larmishme dhe t\u00eb ekuilibruar! T\u00eb ruhen larg f\u00ebmij\u00ebve! Kujdes: Dozat e rekomanduara ditore nuk duhet t\u00eb tejkalohen. Produkti nuk duhet t\u00eb p\u00ebrdoret nga persona t\u00eb ndjesh\u00ebm ndaj cil\u00ebsdo p\u00ebrb\u00ebr\u00ebs t\u00eb produktit. Produkti nuk \u00ebsht\u00eb i destinuar p\u00ebr grat\u00eb shtatz\u00ebna, gjidh\u00ebn\u00ebse, dhe f\u00ebmij\u00ebt n\u00ebn mosh\u00ebn 18 vje\u00e7. Ngjyra e p\u00ebrdorur n\u00eb produkt (hinolin i verdh\u00eb) mund t\u00eb ndikoj\u00eb negativisht n\u00eb aktivitetin dhe v\u00ebmendjen e f\u00ebmij\u00ebve. M\u00ebnyra e ruajtjes: T\u00eb ruhet n\u00eb nj\u00eb vend t\u00eb that\u00eb, t\u00eb fresk\u00ebt dhe t\u00eb err\u00ebt. Emri dhe adresa e prodhuesit: Prodhuar p\u00ebr VITALIS Doctors group d.o.o, Milovana Marinkovi\u0107a 1, 11000 Beograd, R. Serbi, prodhohet dhe paketohet nga: Stojanovic Pharm d.o.o., Albert Ajnstein 44, 21000 Novi Sad, Republika e Serbis\u00eb sipas nj\u00eb recete origjinale t\u00eb VITALIS Doctors group. Tel: + 381 11 3640 544. Prodhuar n\u00eb Serbi. <a href=\"http:\/\/www.vitalis.rs\">www.vitalis.rs<\/a> P\u00ebrb\u00ebr\u00ebsit: Acid L-askorbik, ekstrakt nga lulja e kalendul\u00ebs meksikane, DL-a-tokoferil-acetat, riboflavin, zink oksid, retinil-acetat, celuloz\u00eb mikrokristaline (agjent fryr\u00ebs), magnez stearat (agjent kund\u00ebr ngjitjes), xhelatin\u00eb, okside dhe hidrokside t\u00eb hekurit dhe hinolin i verdh\u00eb (ngjyr\u00eb). P\u00cbRMBAJTJA E KOMPONENT\u00cbVE AKTIV\u00cb: 1 kapsul\u00eb Vitamina C (Acid L-askorbik) Ekstrakt i that\u00eb nga lulja e kalendul\u00ebs meksikane (Tagetes erecta) standardizuar me min. 5% zeaksantin\u00eb, prej t\u00eb cil\u00ebs: Zeaksantin\u00eb Vitamina E (DL-a-tokoferil-acetat) Vitamina B2 (riboflavin) Zink (zink oksid) Vitamina A (retinil-acetat) *NRV \u2013 vlerat referuese ushqyese Informacioni ushqyes: 1 kapsul\u00eb Vlera energjetike Yndyra prej t\u00eb cilave t\u00eb ngopura prej t\u00eb cilave mono t\u00eb pangopura prej t\u00eb cilave poli t\u00eb pangopura Karbohidratet prej t\u00eb cilave sheqerna Proteinat Krip\u00ebrat  <\/p>\n","protected":false},"excerpt":{"rendered":"<p>M\u00ebnyra e p\u00ebrdorimit: T\u00eb rriturit \u2013 pini nj\u00eb kapsul\u00eb Oftalmo Vitalis n\u00eb dit\u00eb me ushqimin kryesor. Q\u00ebllimi i produktit: Oftalmo Vitalis \u00ebsht\u00eb nj\u00eb suplement ushqimor bazuar n\u00eb p\u00ebrb\u00ebrje bioaktive \u2013 pigmente karotenoide t\u00eb lutein\u00ebs, zeaksantin\u00ebs, vitamina A, B2, C, E dhe zink. Vitaminat A, B2 dhe zinku kontribuojn\u00eb n\u00eb ruajtjen e nj\u00eb shikimi normal. Zinku kontribuon n\u00eb metabolizimin normal t\u00eb vitamin\u00ebs A, nd\u00ebrsa vitaminat B2, C, E dhe zinku kontribuojn\u00eb n\u00eb mbrojtjen e qelizave nga stresi oksidativ. Sh\u00ebnim: Suplementet ushqimore nuk mund t\u00eb p\u00ebrdoren si z\u00ebvend\u00ebsim p\u00ebr nj\u00eb diet\u00eb t\u00eb larmishme dhe t\u00eb ekuilibruar! T\u00eb ruhen larg f\u00ebmij\u00ebve!<\/p>\n","protected":false},"featured_media":8391,"comment_status":"open","ping_status":"closed","template":"","meta":[],"product_cat":[511],"product_tag":[],"class_list":{"0":"post-8395","1":"product","2":"type-product","3":"status-publish","4":"has-post-thumbnail","6":"product_brand-vitalis-doctors-group-sq","7":"product_cat-organic-food-supplements-sq","9":"first","10":"instock","11":"featured","12":"taxable","13":"shipping-taxable","14":"purchasable","15":"product-type-variable","16":"has-default-attributes"},"_links":{"self":[{"href":"https:\/\/icg.mk\/sq\/wp-json\/wp\/v2\/product\/8395","targetHints":{"allow":["GET"]}}],"collection":[{"href":"https:\/\/icg.mk\/sq\/wp-json\/wp\/v2\/product"}],"about":[{"href":"https:\/\/icg.mk\/sq\/wp-json\/wp\/v2\/types\/product"}],"replies":[{"embeddable":true,"href":"https:\/\/icg.mk\/sq\/wp-json\/wp\/v2\/comments?post=8395"}],"wp:featuredmedia":[{"embeddable":true,"href":"https:\/\/icg.mk\/sq\/wp-json\/wp\/v2\/media\/8391"}],"wp:attachment":[{"href":"https:\/\/icg.mk\/sq\/wp-json\/wp\/v2\/media?parent=8395"}],"wp:term":[{"taxonomy":"product_cat","embeddable":true,"href":"https:\/\/icg.mk\/sq\/wp-json\/wp\/v2\/product_cat?post=8395"},{"taxonomy":"product_tag","embeddable":true,"href":"https:\/\/icg.mk\/sq\/wp-json\/wp\/v2\/product_tag?post=8395"}],"curies":[{"name":"wp","href":"https:\/\/api.w.org\/{rel}","templated":true}]}}